{"id":2889,"date":"2013-12-29T14:52:20","date_gmt":"2013-12-29T13:52:20","guid":{"rendered":"http:\/\/www.davidmaniega.com\/bescolar\/?page_id=2889"},"modified":"2014-11-04T10:33:09","modified_gmt":"2014-11-04T09:33:09","slug":"presentacio","status":"publish","type":"page","link":"https:\/\/fima.ub.edu\/bescolar\/presentacio\/","title":{"rendered":"Presentaci\u00f3"},"content":{"rendered":"<p>Sota el nom de <span style=\"color: #000080;\"><strong>BESCOLAR<\/strong><\/span>, al llarg dels anys, s\u2019hi han aixoplugat diverses iniciatives:<\/p>\n<p><span style=\"color: #000080;\"><strong>BESCOLAR<\/strong> <\/span>va ser, el 1999, el nom escollit per a la llista de distribuci\u00f3 de la xarxa RedIris, la xarxa acad\u00e8mica i de recerca espanyola. La llista va n\u00e9ixer a petici\u00f3 de la Facultat de Biblioteconomia i de la iniciativa de dos estudiants, Ana Reyes i Rafa Reoyo, que en van ser els entusiastes moderadors en els seus primers anys. Avui en dia, la llista segueix existint amb uns 300 subscriptors.<\/p>\n<p><span style=\"color: #000080;\"><strong>BESCOLAR<\/strong> <\/span>ha estat, des del curs 2009 fins a l\u2019actual 2014, un Grup de Recerca de la Generalitat de Catalunya (SGR_1479_ 2009), format per Llu\u00eds Agust\u00ed, M\u00f2nica Bar\u00f3, Alex Cosials, Maite Comalat, Teresa Ma\u00f1\u00e0 (dir.) i Aurora Vall, professors de la Facultat de Biblioteconomia i Documentaci\u00f3 de la Universitat de Barcelona; Salvador Comellas i Anna Cros de la Facultat de Ci\u00e8ncies de l\u2019Educaci\u00f3 de la Universitat Aut\u00f2noma de Barcelona; Inma Vellosillo de la Facultat de Ci\u00e8ncies de la Comunicaci\u00f3 de la Universidad Complutense de Madrid i J\u00falia Baena, bec\u00e0ria de suport, alumna de la titulaci\u00f3 de Biblioteconomia i Documentaci\u00f3. Algunes de les publicacions dels membres d\u2019aquest grup relacionades amb biblioteques escolars les podeu consultar sota la pestanya Publicacions.<\/p>\n<p>En l\u2019actualitat, <span style=\"color: #000080;\"><strong>BESCOLAR<\/strong> <\/span>\u00e9s aquest bloc que esteu consultant. La imatge de l\u2019antic web, lligat a l\u2019activitat del Grup de recerca, ha donat pas a aquest blog amb l\u2019objectiu de <strong>millorar el seguiment i la difusi\u00f3<\/strong> del contingut, la <strong>participaci\u00f3 i interacci\u00f3<\/strong> amb els lectors\/es i la <strong>cerca i vinculaci\u00f3<\/strong>de continguts.<\/p>\n<p>El nostre desig \u00e9s convertir aquest espai, amb la col\u00b7laboraci\u00f3 de persones expertes i experimentades, en un <strong>blog de reflexi\u00f3 i divulgaci\u00f3 sobre les biblioteques escolars<\/strong>. Una eina per fer la <strong>valoraci\u00f3 cr\u00edtica<\/strong> de tot all\u00f2 que passa al voltant de les biblioteques escolars, a trav\u00e9s de diverses veus. Aquesta \u00e9s la via de treball que <span style=\"color: #000080;\"><strong>BESCOLAR<\/strong> <\/span>obre per continuar oferint continguts de valor a tot els interessats\/es en les biblioteques escolars, m\u00e9s enll\u00e0 de la seva activitat com a grup de recerca.<\/p>\n<p>Esperem comptar amb vosaltres!<\/p>\n","protected":false},"excerpt":{"rendered":"<p>Sota el nom de BESCOLAR, al llarg dels anys, s\u2019hi han aixoplugat diverses iniciatives: BESCOLAR va ser, el 1999, el nom escollit per a la llista de distribuci\u00f3 de la xarxa RedIris, la xarxa acad\u00e8mica i de recerca espanyola. La llista va n\u00e9ixer a petici\u00f3 de la Facultat de Biblioteconomia [&#8230;]<\/p>\n","protected":false},"author":1,"featured_media":0,"parent":0,"menu_order":0,"comment_status":"open","ping_status":"open","template":"","meta":{"footnotes":""},"class_list":["post-2889","page","type-page","status-publish","hentry"],"_links":{"self":[{"href":"https:\/\/fima.ub.edu\/bescolar\/wp-json\/wp\/v2\/pages\/2889"}],"collection":[{"href":"https:\/\/fima.ub.edu\/bescolar\/wp-json\/wp\/v2\/pages"}],"about":[{"href":"https:\/\/fima.ub.edu\/bescolar\/wp-json\/wp\/v2\/types\/page"}],"author":[{"embeddable":true,"href":"https:\/\/fima.ub.edu\/bescolar\/wp-json\/wp\/v2\/users\/1"}],"replies":[{"embeddable":true,"href":"https:\/\/fima.ub.edu\/bescolar\/wp-json\/wp\/v2\/comments?post=2889"}],"version-history":[{"count":0,"href":"https:\/\/fima.ub.edu\/bescolar\/wp-json\/wp\/v2\/pages\/2889\/revisions"}],"wp:attachment":[{"href":"https:\/\/fima.ub.edu\/bescolar\/wp-json\/wp\/v2\/media?parent=2889"}],"curies":[{"name":"wp","href":"https:\/\/api.w.org\/{rel}","templated":true}]}}