{"id":2892,"date":"2013-12-29T15:27:49","date_gmt":"2013-12-29T14:27:49","guid":{"rendered":"http:\/\/www.davidmaniega.com\/bescolar\/?page_id=2892"},"modified":"2014-10-20T11:16:28","modified_gmt":"2014-10-20T10:16:28","slug":"sobre-nosaltres","status":"publish","type":"page","link":"https:\/\/fima.ub.edu\/bescolar\/sobre-nosaltres\/","title":{"rendered":"Qui som"},"content":{"rendered":"<div class=\"toggle\"><div class=\"title\"><i class=\"icon-plus\"><\/i>M\u00f2nica Bar\u00f3<\/div><div class=\"inner\"><div class=\"content\"><img loading=\"lazy\" decoding=\"async\" class=\"alignleft\" src=\"http:\/\/bd.ub.edu\/bescolar\/wp-content\/uploads\/2013\/11\/monica1.jpg\" alt=\"\" width=\"108\" height=\"147\" \/>Diplomada en biblioteconomia i documentaci\u00f3. Dra. en Documentaci\u00f3. Llicenciada en Hist\u00f2ria. Bibliotec\u00e0ria. Professora de la Facultat de Biblioteconomia i Documentaci\u00f3 de la Universitat de Barcelona especialitzada en biblioteques escolars, llibres per a infants i hist\u00f2ria del llibre.<\/p>\n<p>Ex-directora de l\u2019Observatori de biblioteques, llibres i lectura de la UB. Ha format part de l\u2019equip d\u2019experts per a l\u2019estudi de la situaci\u00f3 de les biblioteques escolars (Las bibliotecas escolares en Espa\u00f1a, 2005) i l\u2019estudi de casos de bones pr\u00e0ctiques (Bibliotecas escolares entre comillas, 2009).<\/p>\n<p>\u00c9s coordinadora de del M\u00e0ster de Biblioteca escolar i promoci\u00f3 de la lectura (UAB-UB) i membre de l\u2019equip de coordinaci\u00f3 de la Diplomatura de postgrado en Bibliotecas escolares, cultura escrita y sociedad en red (OEI). Autora de diversos articles i llibres sobre biblioteques escolars, d\u2019entre els quals Formar-se per informar-se (1994) i Bibliotecas escolares \u00bfpara qu\u00e9? (2004) <\/div><\/div><\/div>\n<div class=\"toggle\"><div class=\"title\"><i class=\"icon-plus\"><\/i>Teresa Ma\u00f1\u00e0<\/div><div class=\"inner\"><div class=\"content\"><img loading=\"lazy\" decoding=\"async\" class=\"alignleft\" src=\"http:\/\/bd.ub.edu\/bescolar\/wp-content\/uploads\/2013\/11\/teresa1.jpg\" alt=\"Teresa Ma\u00f1\u00e0\" width=\"108\" height=\"147\" \/> Llicenciada en Filologia catalana. Dra. en Documentaci\u00f3. Bibliotec\u00e0ria. Profesora de la Facultat de Biblioteconomia i Documentaci\u00f3 de la Universitat de Barcelona especialitzada en biblioteques escolars, biblioteques p\u00fabliques i llibres per a infants.<\/p>\n<p>Directora de l\u2019Observatori de biblioteques, llibres i lectura de la UB i directora del grup de recerca BESCOLAR. Conjuntament amb M\u00f2nica Bar\u00f3 ha publicat nombrosos articles i llibres sobre biblioteques escolars, d\u2019entre els quals Formar-se per informar-se (1994) i, amb Inma Vellosillo, Bibliotecas escolares \u00bfpara qu\u00e9? (2004). Ha format part de l\u2019equip d\u2019experts per a l\u2019estudi de la situaci\u00f3 de les biblioteques escolars (Las bibliotecas escolares en Espa\u00f1a, FGSR, 2005) i l\u2019estudi de casos de bones pr\u00e0ctiques (Bibliotecas escolares entre comillas, FGSR, 2009).<\/p>\n<p>\u00c9s coordinadora de pr\u00e0ctiques del M\u00e0ster de Biblioteca escolar i promoci\u00f3 de la lectura (UAB-UB) i membre de l\u2019equip de coordinaci\u00f3 de la Diplomatura de postgrado en Bibliotecas escolares, cultura escrita y sociedad en red (OEI).<\/div><\/div><\/div>\n<div class=\"toggle\"><div class=\"title\"><i class=\"icon-plus\"><\/i>Marta Roig<\/div><div class=\"inner\"><div class=\"content\">\u00a0<img loading=\"lazy\" decoding=\"async\" class=\"alignleft wp-image-3397 size-full\" src=\"http:\/\/bd.ub.edu\/bescolar\/wp-content\/uploads\/2013\/12\/Marta-Roig_BN-e1413799690153.jpg\" alt=\"Marta Roig\" width=\"108\" height=\"143\" \/>Diplomada en biblioteconomia i documentaci\u00f3 i m\u00e0ster en Biblioteques Escolars i Promoci\u00f3 de la Lectura.<\/p>\n<p>Ha coordinadat projectes com el Nascuts per llegir o el Bdpuntedu. Est\u00e0 especialitzada en lectura i biblioteques infantils (p\u00fabliques i escolars) i treballa com a professional independent en la formaci\u00f3, l&#8217;assessorament i el disseny d&#8217;activitats amb\u00a0biblioteques p\u00fabliques, escoles, fam\u00edlies, empreses i entitats.<\/p>\n<p>Forma part del grup de treball <a title=\"Bib Bot\u00f3\" href=\"http:\/\/bibboto.blogspot.com.es\/\" target=\"_blank\">Bib Bot\u00f3 <\/a>i de la Xarxa de Laboratoris de Lectura, representa el <a title=\"Col\u00b7legi Oficial de Bibliotecaris-Documentalistes de Catalunya\" href=\"http:\/\/www.cobdc.org\/\" target=\"_blank\">Col\u00b7legi Oficial de Bibliotecaris-Documentalistes de Catalunya<\/a> (COBDC) al <a title=\"Consell Catal\u00e0 del Llibre Infantil i Juvenil\" href=\"http:\/\/www.clijcat.cat\/\" target=\"_blank\">Consell Catal\u00e0 del Llibre Infantil i Juvenil<\/a> (Clijcat) i \u00e9s autora d&#8217;alguns articles i materials.\u00a0<\/div><\/div><\/div>\n","protected":false},"excerpt":{"rendered":"","protected":false},"author":1,"featured_media":0,"parent":0,"menu_order":0,"comment_status":"open","ping_status":"open","template":"","meta":{"footnotes":""},"class_list":["post-2892","page","type-page","status-publish","hentry"],"_links":{"self":[{"href":"https:\/\/fima.ub.edu\/bescolar\/wp-json\/wp\/v2\/pages\/2892"}],"collection":[{"href":"https:\/\/fima.ub.edu\/bescolar\/wp-json\/wp\/v2\/pages"}],"about":[{"href":"https:\/\/fima.ub.edu\/bescolar\/wp-json\/wp\/v2\/types\/page"}],"author":[{"embeddable":true,"href":"https:\/\/fima.ub.edu\/bescolar\/wp-json\/wp\/v2\/users\/1"}],"replies":[{"embeddable":true,"href":"https:\/\/fima.ub.edu\/bescolar\/wp-json\/wp\/v2\/comments?post=2892"}],"version-history":[{"count":0,"href":"https:\/\/fima.ub.edu\/bescolar\/wp-json\/wp\/v2\/pages\/2892\/revisions"}],"wp:attachment":[{"href":"https:\/\/fima.ub.edu\/bescolar\/wp-json\/wp\/v2\/media?parent=2892"}],"curies":[{"name":"wp","href":"https:\/\/api.w.org\/{rel}","templated":true}]}}