{"id":2982,"date":"2014-02-05T22:31:48","date_gmt":"2014-02-05T21:31:48","guid":{"rendered":"https:\/\/fima.ub.edu\/bescolar\/?page_id=2982"},"modified":"2015-06-29T11:56:47","modified_gmt":"2015-06-29T10:56:47","slug":"publicacions","status":"publish","type":"page","link":"https:\/\/fima.ub.edu\/bescolar\/publicacions\/","title":{"rendered":"Publicacions"},"content":{"rendered":"<ul class=\"list arrow\">\n<li>Bar\u00f3, M\u00f2nica; Ma\u00f1\u00e0; Teresa; Cosials, \u00c0lex. <a href=\"http:\/\/bd.ub.edu\/pub\/mana\/sites\/bd.ub.edu.pub.mana\/files\/IFLA-167-18-3-2015-2_Baro.pdf\" target=\"_blank\">\u201cGuidelines and Standards for School Libraries in Catalonia\u201d<\/a>. <em>Global Action on School Library Guidelines<\/em>. Ed. by Schultz-Jones, Barbara A. and Oberg, Dianne. Berlin, Boston: De Gruyter Saur,2015. (IFLA Publications; 167) ISBN: 978-3-11-036266-<\/li>\n<li>Bar\u00f3, M\u00f2nica; Raga, Pau. <a href=\"http:\/\/www.raco.cat\/index.php\/AnuariObservatori\/article\/view\/282948\/371942\" target=\"_blank\">&#8220;Les biblioteques escolars a Catalunya (2012-2013)<\/a>&#8220;.\u00a0<em>Anuari de l&#8217;Observatori de Biblioteques, Llibres i Lectura 2012-2013 (2014): <\/em>p. 120-132.<\/li>\n<li><i><span class=\"biblio-title-mla\"><a href=\"http:\/\/bd.ub.edu\/pub\/mana\/publicacions\/book\/462\">Directrius i est\u00e0ndards per a les biblioteques dels centres educatius de Catalunya<\/a><\/span><\/i>. Barcelona: Generalitat de Catalunya. Departament d&#8217;Ensenyament : Col\u00b7legi Oficial de Bibliotecaris-Documentalistes de Catalunya, 2013.<\/li>\n<li>Bar\u00f3, M\u00f2nica; Raga, Pau. \u201c<a href=\"http:\/\/www.raco.cat\/index.php\/AnuariObservatori\/article\/view\/262078\">Les biblioteques escolars a Catalunya<\/a>\u201d.\u00a0<em>Anuari de l&#8217;Observatori de Biblioteques, Llibres i Lectura 2010-2011 (2013): <\/em>p. 119-128.<\/li>\n<li>Bar\u00f3, M\u00f2nica;\u00a0Ma\u00f1\u00e0, Teresa.\u00a0&#8220;<a href=\"http:\/\/bd.ub.edu\/pub\/mana\/publicacions\/journal-article\/461\">Bibliotecas escolares: \u00bfun valor en alza?<\/a>&#8220;.\u00a0<i>El profesional de la informaci\u00f3n<\/i>. vol. 22, n\u00ba 2 (2013): p. 106-112.<\/li>\n<li>Ma\u00f1\u00e0, Teresa.\u00a0&#8220;<a href=\"http:\/\/bd.ub.edu\/pub\/mana\/publicacions\/magazine-article\/460\">Panorama de llibres infantils i juvenils dels anys 2010 i 2011<\/a>&#8220;.\u00a0<i>Anuari de l&#8217;Observatori de Biblioteques, Llibres i Lectura 2010-2011<\/i>\u00a0(2013).<\/li>\n<li>Miret, In\u00e9s;\u00a0et al.\u00a0<i><a href=\"http:\/\/bd.ub.edu\/pub\/mana\/publicacions\/book\/464\">Las bibliotecas escolares en Espa\u00f1a. Din\u00e1micas 2005-2011. Dir. I. Miret<\/a><\/i>. Madrid: Ministerio de Educaci\u00f3n, Cultura y Deporte; Fundaci\u00f3n Germ\u00e1n S\u00e1nchez Ruip\u00e9rez, 2013.<\/li>\n<li>Bar\u00f3, M\u00f2nica;\u00a0et al.\u00a0&#8220;<a href=\"http:\/\/bd.ub.edu\/pub\/mana\/publicacions\/journal-article\/456\">Promoci\u00f3n de la lectura en las bibliotecas p\u00fablicas de Catalu\u00f1a: evaluaci\u00f3n y resultados<\/a>&#8220;.\u00a0<i>El Profesional de la Informaci\u00f3n<\/i>. Mayo-Junio, vol. 21, n\u00ba3 (2012): 277-281.<\/li>\n<li>Ma\u00f1\u00e0, Teresa.\u00a0&#8220;<a href=\"http:\/\/bd.ub.edu\/pub\/mana\/publicacions\/journal-article\/457\">Llibres per a infants i adolescents<\/a>.&#8221;\u00a0<i>Serra d&#8217;Or<\/i>. n\u00fam. 627 (2012): 70-76.<\/li>\n<li>Miret, In\u00e9s;\u00a0et al.\u00a0<i><a href=\"http:\/\/bd.ub.edu\/pub\/mana\/publicacions\/book\/407\">Bibliotecas escolares \u00bfentre interrogantes?: herramienta de autoevaluaci\u00f3n: preguntas e indicadores para mejorar la biblioteca<\/a><\/i>. Madrid: Fundaci\u00f3n Germ\u00e1n S\u00e1nchez Ruip\u00e9rez, 2011.<\/li>\n<li>Bar\u00f3, M\u00f2nica. &#8220;<a href=\"http:\/\/bd.ub.edu\/pub\/mana\/publicacions\/conference-paper\/321\">Bibliotecas escolares, \u00bfpara qu\u00e9?<\/a>&#8220;.\u00a0<i>Encuentros de bibliotecas escolares de Galicia<\/i>. 2011.<\/li>\n<li>Vellosillo Gonz\u00e1lez, Inmaculada. &#8220;<a href=\"http:\/\/hdl.handle.net\/11162\/80748\">Las bibliotecas del Colegio Estudio<\/a>&#8220;. <em>Educaci\u00f3n y biblioteca : revista de documentaci\u00f3n y recursos did\u00e1cticos<\/em>. Madrid, 2011, n. 182, marzo-abril ; p. 56-59<\/li>\n<li>Bar\u00f3, M\u00f2nica; Ma\u00f1\u00e0, Teresa.\u00a0&#8220;<a href=\"http:\/\/bd.ub.edu\/pub\/mana\/publicacions\/journal-article\/347\">Sur la bonne voie: les biblioth\u00e8ques scolaires en Espagne<\/a>.&#8221;\u00a0<i>Intercdi<\/i>\u00a0(2011): 58-61.<\/li>\n<li>Miret, In\u00e9s;\u00a0et al.\u00a0<i><a href=\"http:\/\/bd.ub.edu\/pub\/mana\/publicacions\/book\/408\">Bibliotecas escolares entre comillas: estudio de casos: buenas pr\u00e1cticas en la integraci\u00f3n de la biblioteca en los centros educativos<\/a><\/i>. Fundaci\u00f3n Germ\u00e1n S\u00e1nchez Ruip\u00e9rez, 2010.<\/li>\n<li>Bar\u00f3, M\u00f2nica;\u00a0et al.\u00a0<a href=\"http:\/\/bd.ub.edu\/pub\/mana\/publicacions\/conference-paper\/322\">La Promoci\u00f3 de la lectura a les biblioteques p\u00fabliques de Catalunya: un terreny pr\u00f2sper que cal endre\u00e7ar<\/a>&#8220;.\u00a0<i>12 Jornades catalanes de Documentaci\u00f3. 18-20 de maig 2010<\/i>.\u00a0<\/li>\n<li>Ma\u00f1\u00e0, Teresa;\u00a0et al.\u00a0&#8220;<a href=\"http:\/\/bd.ub.edu\/pub\/mana\/publicacions\/journal-article\/458\">La promoci\u00f3 de la lectura a Catalunya (2008-2009)<\/a>.&#8221;\u00a0<i>Anuari de l&#8217;Observatori de Biblioteques, Llibres i Lectura<\/i>. 1 (2010).<\/li>\n<li>Ma\u00f1\u00e0, Teresa. &#8220;<a href=\"http:\/\/bd.ub.edu\/pub\/mana\/publicacions\/book-chapter\/466\">Les roderes de Tint\u00edn<\/a>&#8220;.\u00a0<i>IV Congr\u00e9s de Literatura Infantil i Juvenil Catalana<\/i>. Barcelona: Associaci\u00f3 d&#8217;Escriptors en Llengua Catalana, 2010. p. 133-146.<\/li>\n<li>Ma\u00f1\u00e0, Teresa.\u00a0&#8220;<a href=\"http:\/\/bd.ub.edu\/pub\/mana\/publicacions\/journal-article\/358\">(Dis)funcions de la biblioteca escolar<\/a>.&#8221;\u00a0<i>Articles de Did\u00e0ctica de la Llengua i la Literatura<\/i>\u00a0(2008): 5-9.<\/li>\n<li>Ma\u00f1\u00e0, Teresa;\u00a0Bar\u00f3, M\u00f2nica.\u00a0&#8220;<a href=\"http:\/\/bd.ub.edu\/pub\/mana\/publicacions\/journal-article\/362\">A Colaboraci\u00f3n de bibliotecas p\u00fablicas e bibliotecas escolares: relaci\u00f3n, cooperaci\u00f3n ou integraci\u00f3n?<\/a>&#8220;.\u00a0<i>Interea visual 09. Servizos de lectura<\/i>\u00a0(2007): 29-34.<\/li>\n<li>Miret, In\u00e9s;\u00a0et al.\u00a0&#8220;<a href=\"http:\/\/bd.ub.edu\/pub\/mana\/publicacions\/journal-article\/372\">Un Futuro en juego<\/a>.&#8221;\u00a0<i>Cuadernos de Pedagog\u00eda<\/i>\u00a0(2005): 16-19.<\/li>\n<li>Ma\u00f1\u00e0, Teresa.\u00a0&#8220;<a href=\"http:\/\/bd.ub.edu\/pub\/mana\/publicacions\/journal-article\/374\">Biblioteques escolars: una nova oportunitat<\/a>.&#8221;\u00a0<i>Escola Catalana<\/i>\u00a0(2004): 6-8.<\/li>\n<\/ul>\n<p>&nbsp;<\/p>\n","protected":false},"excerpt":{"rendered":"<p>&nbsp;<\/p>\n","protected":false},"author":1,"featured_media":0,"parent":0,"menu_order":0,"comment_status":"open","ping_status":"closed","template":"","meta":{"footnotes":""},"class_list":["post-2982","page","type-page","status-publish","hentry"],"_links":{"self":[{"href":"https:\/\/fima.ub.edu\/bescolar\/wp-json\/wp\/v2\/pages\/2982"}],"collection":[{"href":"https:\/\/fima.ub.edu\/bescolar\/wp-json\/wp\/v2\/pages"}],"about":[{"href":"https:\/\/fima.ub.edu\/bescolar\/wp-json\/wp\/v2\/types\/page"}],"author":[{"embeddable":true,"href":"https:\/\/fima.ub.edu\/bescolar\/wp-json\/wp\/v2\/users\/1"}],"replies":[{"embeddable":true,"href":"https:\/\/fima.ub.edu\/bescolar\/wp-json\/wp\/v2\/comments?post=2982"}],"version-history":[{"count":3,"href":"https:\/\/fima.ub.edu\/bescolar\/wp-json\/wp\/v2\/pages\/2982\/revisions"}],"predecessor-version":[{"id":3489,"href":"https:\/\/fima.ub.edu\/bescolar\/wp-json\/wp\/v2\/pages\/2982\/revisions\/3489"}],"wp:attachment":[{"href":"https:\/\/fima.ub.edu\/bescolar\/wp-json\/wp\/v2\/media?parent=2982"}],"curies":[{"name":"wp","href":"https:\/\/api.w.org\/{rel}","templated":true}]}}