{"id":11,"date":"2025-10-08T17:55:41","date_gmt":"2025-10-08T15:55:41","guid":{"rendered":"https:\/\/ub.mmkt.dev\/?page_id=11"},"modified":"2025-10-27T14:07:07","modified_gmt":"2025-10-27T13:07:07","slug":"lescola","status":"publish","type":"page","link":"https:\/\/fima.ub.edu\/edl\/lescola\/","title":{"rendered":"L&#8217;Escola"},"content":{"rendered":"<style>.kb-row-layout-id11_d06d90-cc > .kt-row-column-wrap{align-content:start;}:where(.kb-row-layout-id11_d06d90-cc > .kt-row-column-wrap) > .wp-block-kadence-column{justify-content:start;}.kb-row-layout-id11_d06d90-cc > .kt-row-column-wrap{column-gap:var(--global-kb-gap-md, 2rem);row-gap:var(--global-kb-gap-md, 2rem);padding-top:var(--global-kb-spacing-lg, 3rem);padding-bottom:var(--global-kb-spacing-lg, 3rem);grid-template-columns:minmax(0, 1fr);}.kb-row-layout-id11_d06d90-cc > .kt-row-layout-overlay{opacity:0.30;}@media all and (max-width: 1024px){.kb-row-layout-id11_d06d90-cc > .kt-row-column-wrap{grid-template-columns:minmax(0, 1fr);}}@media all and (max-width: 767px){.kb-row-layout-id11_d06d90-cc > .kt-row-column-wrap{grid-template-columns:minmax(0, 1fr);}}<\/style><div class=\"kb-row-layout-wrap kb-row-layout-id11_d06d90-cc alignnone wp-block-kadence-rowlayout\"><div class=\"kt-row-column-wrap kt-has-1-columns kt-row-layout-equal kt-tab-layout-inherit kt-mobile-layout-row kt-row-valign-top\">\n<style>.kadence-column11_400045-35 > .kt-inside-inner-col,.kadence-column11_400045-35 > .kt-inside-inner-col:before{border-top-left-radius:0px;border-top-right-radius:0px;border-bottom-right-radius:0px;border-bottom-left-radius:0px;}.kadence-column11_400045-35 > .kt-inside-inner-col{column-gap:var(--global-kb-gap-sm, 1rem);}.kadence-column11_400045-35 > .kt-inside-inner-col{flex-direction:column;}.kadence-column11_400045-35 > .kt-inside-inner-col > .aligncenter{width:100%;}.kadence-column11_400045-35 > .kt-inside-inner-col:before{opacity:0.3;}.kadence-column11_400045-35{position:relative;}@media all and (max-width: 1024px){.kadence-column11_400045-35 > .kt-inside-inner-col{flex-direction:column;justify-content:center;}}@media all and (max-width: 767px){.kadence-column11_400045-35 > .kt-inside-inner-col{flex-direction:column;justify-content:center;}}<\/style>\n<div class=\"wp-block-kadence-column kadence-column11_400045-35\"><div class=\"kt-inside-inner-col\">\n<p>El\u00a0<a href=\"https:\/\/gremidellibreters.cat\/\" target=\"_blank\" rel=\"noreferrer noopener\">Gremi de Llibreters de Catalunya<\/a>\u00a0i la\u00a0<a href=\"https:\/\/web.ub.edu\/ca\/web\/facultat-informacio-mitjans-audiovisuals\" target=\"_blank\" rel=\"noreferrer noopener\">Facultat d\u2019Informaci\u00f3 i Mitjans Audiovisuals<\/a>\u00a0de la Universitat de Barcelona col\u00b7laboren en l\u2019elaboraci\u00f3 d\u2019una s\u00e8rie de propostes formatives i de capacitaci\u00f3 adre\u00e7ades a llibreters en actiu i a totes aquelles persones que volen dedicar-se professionalment al m\u00f3n de la llibreria. El primer pas d\u2019aquesta col\u00b7laboraci\u00f3 va ser la creaci\u00f3 de l\u2019Escola de Llibreria mitjan\u00e7ant un conveni signat entre el rector de la Universitat de Barcelona i el president del Gremi de Llibreters de Catalunya el 14 de maig de 2012. Aquesta formaci\u00f3 es programa cada dos cursos. Des del curs 2020-21, tamb\u00e9 s\u2019ofereix biennalment el t\u00edtol de diploma d\u2019expert en Gesti\u00f3 de Llibreria, una formaci\u00f3 especialitzada destinada a persones amb experi\u00e8ncia al m\u00f3n de la llibreria.<\/p>\n\n\n    <div class=\"child-pages-block\">\n        <div class=\"child-pages-grid\">\n                            <a href=\"https:\/\/fima.ub.edu\/edl\/lescola\/presentacio\/\" class=\"page-card\">\n                    <span class=\"page-name\">Presentaci\u00f3<\/span>\n                                    <\/a>\n                            <a href=\"https:\/\/fima.ub.edu\/edl\/lescola\/objectius-i-competencies\/\" class=\"page-card\">\n                    <span class=\"page-name\">Objectius i compet\u00e8ncies<\/span>\n                                    <\/a>\n                            <a href=\"https:\/\/fima.ub.edu\/edl\/lescola\/perfils-i-requisits-dacces\/\" class=\"page-card\">\n                    <span class=\"page-name\">Perfils i requisits d&#039;acc\u00e9s<\/span>\n                                    <\/a>\n                            <a href=\"https:\/\/fima.ub.edu\/edl\/lescola\/pla-destudis\/\" class=\"page-card\">\n                    <span class=\"page-name\">Pla d&#039;estudis<\/span>\n                                    <\/a>\n                            <a href=\"https:\/\/fima.ub.edu\/edl\/lescola\/practiques\/\" class=\"page-card\">\n                    <span class=\"page-name\">Pr\u00e0ctiques<\/span>\n                                    <\/a>\n                            <a href=\"https:\/\/fima.ub.edu\/edl\/lescola\/preinscripcio-i-admissio\/\" class=\"page-card\">\n                    <span class=\"page-name\">Preinscripci\u00f3 i admissi\u00f3<\/span>\n                                    <\/a>\n                            <a href=\"https:\/\/fima.ub.edu\/edl\/lescola\/professorat-i-collaboradors\/\" class=\"page-card\">\n                    <span class=\"page-name\">Professorat i col\u00b7laboradors<\/span>\n                                    <\/a>\n                            <a href=\"https:\/\/fima.ub.edu\/edl\/lescola\/recursos-installacions-i-insercio-laboral\/\" class=\"page-card\">\n                    <span class=\"page-name\">Recursos, instal\u00b7lacions i inserci\u00f3 laboral<\/span>\n                                    <\/a>\n                    <\/div>\n    <\/div>\n\n<\/div><\/div>\n\n<\/div><\/div>","protected":false},"excerpt":{"rendered":"<p>El\u00a0Gremi de Llibreters de Catalunya\u00a0i la\u00a0Facultat d\u2019Informaci\u00f3 i Mitjans Audiovisuals\u00a0de la Universitat de Barcelona col\u00b7laboren&#8230;<\/p>\n","protected":false},"author":1,"featured_media":0,"parent":0,"menu_order":0,"comment_status":"closed","ping_status":"closed","template":"","meta":{"_acf_changed":false,"_seopress_robots_primary_cat":"","_seopress_titles_title":"","_seopress_titles_desc":"","_seopress_robots_index":"","inline_featured_image":false,"_kad_blocks_custom_css":"","_kad_blocks_head_custom_js":"","_kad_blocks_body_custom_js":"","_kad_blocks_footer_custom_js":"","_kad_post_transparent":"","_kad_post_title":"","_kad_post_layout":"","_kad_post_sidebar_id":"","_kad_post_content_style":"","_kad_post_vertical_padding":"","_kad_post_feature":"","_kad_post_feature_position":"","_kad_post_header":false,"_kad_post_footer":false,"_kad_post_classname":"","footnotes":""},"class_list":["post-11","page","type-page","status-publish","hentry"],"acf":[],"taxonomy_info":[],"featured_image_src_large":false,"author_info":{"display_name":"jordi","author_link":"https:\/\/fima.ub.edu\/edl\/author\/jordi\/"},"comment_info":"","_links":{"self":[{"href":"https:\/\/fima.ub.edu\/edl\/wp-json\/wp\/v2\/pages\/11","targetHints":{"allow":["GET"]}}],"collection":[{"href":"https:\/\/fima.ub.edu\/edl\/wp-json\/wp\/v2\/pages"}],"about":[{"href":"https:\/\/fima.ub.edu\/edl\/wp-json\/wp\/v2\/types\/page"}],"author":[{"embeddable":true,"href":"https:\/\/fima.ub.edu\/edl\/wp-json\/wp\/v2\/users\/1"}],"replies":[{"embeddable":true,"href":"https:\/\/fima.ub.edu\/edl\/wp-json\/wp\/v2\/comments?post=11"}],"version-history":[{"count":4,"href":"https:\/\/fima.ub.edu\/edl\/wp-json\/wp\/v2\/pages\/11\/revisions"}],"predecessor-version":[{"id":1964,"href":"https:\/\/fima.ub.edu\/edl\/wp-json\/wp\/v2\/pages\/11\/revisions\/1964"}],"wp:attachment":[{"href":"https:\/\/fima.ub.edu\/edl\/wp-json\/wp\/v2\/media?parent=11"}],"curies":[{"name":"wp","href":"https:\/\/api.w.org\/{rel}","templated":true}]}}