{"id":17,"date":"2025-10-08T17:56:21","date_gmt":"2025-10-08T15:56:21","guid":{"rendered":"https:\/\/ub.mmkt.dev\/?page_id=17"},"modified":"2026-02-10T12:09:34","modified_gmt":"2026-02-10T11:09:34","slug":"resso-als-mitjans","status":"publish","type":"page","link":"https:\/\/fima.ub.edu\/edl\/resso-als-mitjans\/","title":{"rendered":"Ress\u00f2 als mitjans"},"content":{"rendered":"<style>.kb-row-layout-id17_9bb1ab-57 > .kt-row-column-wrap{align-content:start;}:where(.kb-row-layout-id17_9bb1ab-57 > .kt-row-column-wrap) > .wp-block-kadence-column{justify-content:start;}.kb-row-layout-id17_9bb1ab-57 > .kt-row-column-wrap{column-gap:var(--global-kb-gap-md, 2rem);row-gap:var(--global-kb-gap-md, 2rem);padding-top:var(--global-kb-spacing-lg, 3rem);padding-bottom:var(--global-kb-spacing-lg, 3rem);grid-template-columns:minmax(0, 1fr);}.kb-row-layout-id17_9bb1ab-57 > .kt-row-layout-overlay{opacity:0.30;}@media all and (max-width: 1024px){.kb-row-layout-id17_9bb1ab-57 > .kt-row-column-wrap{grid-template-columns:minmax(0, 1fr);}}@media all and (max-width: 767px){.kb-row-layout-id17_9bb1ab-57 > .kt-row-column-wrap{grid-template-columns:minmax(0, 1fr);}}<\/style><div class=\"kb-row-layout-wrap kb-row-layout-id17_9bb1ab-57 alignnone wp-block-kadence-rowlayout\"><div class=\"kt-row-column-wrap kt-has-1-columns kt-row-layout-equal kt-tab-layout-inherit kt-mobile-layout-row kt-row-valign-top\">\n<style>.kadence-column17_8d7f4f-7f > .kt-inside-inner-col,.kadence-column17_8d7f4f-7f > .kt-inside-inner-col:before{border-top-left-radius:0px;border-top-right-radius:0px;border-bottom-right-radius:0px;border-bottom-left-radius:0px;}.kadence-column17_8d7f4f-7f > .kt-inside-inner-col{column-gap:var(--global-kb-gap-sm, 1rem);}.kadence-column17_8d7f4f-7f > .kt-inside-inner-col{flex-direction:column;}.kadence-column17_8d7f4f-7f > .kt-inside-inner-col > .aligncenter{width:100%;}.kadence-column17_8d7f4f-7f > .kt-inside-inner-col:before{opacity:0.3;}.kadence-column17_8d7f4f-7f{position:relative;}@media all and (max-width: 1024px){.kadence-column17_8d7f4f-7f > .kt-inside-inner-col{flex-direction:column;justify-content:center;}}@media all and (max-width: 767px){.kadence-column17_8d7f4f-7f > .kt-inside-inner-col{flex-direction:column;justify-content:center;}}<\/style>\n<div class=\"wp-block-kadence-column kadence-column17_8d7f4f-7f\"><div class=\"kt-inside-inner-col\">\n<h2 class=\"wp-block-heading\"><strong>L&#8217;Escola de Llibreria als mitjans<\/strong><\/h2>\n\n\n\n<p>Entrevista a Llu\u00eds Agust\u00ed a R\u00e0dio Tordera (4 de febrer de 2026), al p\u00f2dcast<em>\u00a0Anatomia d&#8217;un llibre,<\/em>\u00a0dirigit i presentat per S\u00edlvia Jan\u00e9. Per escoltar el programa, accediu a l\u2019enlla\u00e7 seg\u00fcent:\u00a0<a href=\"https:\/\/open.spotify.com\/episode\/1sMKXqo0O0AT0Lxd6FQaD5?si=2JjgjgpcR9ajmxa7RkY2Zg&amp;nd=1&amp;dlsi=b1dfd17ef5bf4f51\" target=\"_blank\" rel=\"noreferrer noopener\">https:\/\/open.spotify.com\/episode\/1sMKXqo0O0AT0Lxd6FQaD5?si=2JjgjgpcR9ajmxa7RkY2Zg&amp;nd=1&amp;dlsi=b1dfd17ef5bf4f51<\/a><\/p>\n\n\n<style>.wp-block-kadence-spacer.kt-block-spacer-17_3f2c4f-91 .kt-block-spacer{height:60px;}.wp-block-kadence-spacer.kt-block-spacer-17_3f2c4f-91 .kt-divider{border-top-width:2px;border-top-color:var(--global-palette1, #3182CE);width:100%;border-top-style:solid;}<\/style>\n<div class=\"wp-block-kadence-spacer aligncenter kt-block-spacer-17_3f2c4f-91\"><div class=\"kt-block-spacer kt-block-spacer-halign-center\"><hr class=\"kt-divider\"\/><\/div><\/div>\n\n\n\n<p>\u00ab<a href=\"https:\/\/fima.ub.edu\/edl\/wp-content\/entrevistes_EdL\/professors\/bafkreig3nzx7w6dagqnogp62ixtzicfjq3yzgvnwhpst62ifhpweadbbnm.jpg\"><em>La nostra intenci\u00f3 \u00e9s formar llibreters, no provocar que obrin m\u00e9s llibreries<\/em><\/a>\u00bb (22 de febrer de 2025), p. 15<\/p>\n\n\n<style>.wp-block-kadence-spacer.kt-block-spacer-17_962dab-60 .kt-block-spacer{height:60px;}.wp-block-kadence-spacer.kt-block-spacer-17_962dab-60 .kt-divider{border-top-width:2px;border-top-color:var(--global-palette1, #3182CE);width:100%;border-top-style:solid;}<\/style>\n<div class=\"wp-block-kadence-spacer aligncenter kt-block-spacer-17_962dab-60\"><div class=\"kt-block-spacer kt-block-spacer-halign-center\"><hr class=\"kt-divider\"\/><\/div><\/div>\n\n\n\n<p><a href=\"https:\/\/fima.ub.edu\/edl\/wp-content\/entrevistes_EdL\/professors\/boom_llibreries.pdf\"><em>El boom de les escoles de llibreters<\/em><\/a>&nbsp;(22 de febrer de 2025), p. 40 &#8211; 41<\/p>\n\n\n<style>.wp-block-kadence-spacer.kt-block-spacer-17_8853d3-de .kt-block-spacer{height:60px;}.wp-block-kadence-spacer.kt-block-spacer-17_8853d3-de .kt-divider{border-top-width:2px;border-top-color:var(--global-palette1, #3182CE);width:100%;border-top-style:solid;}<\/style>\n<div class=\"wp-block-kadence-spacer aligncenter kt-block-spacer-17_8853d3-de\"><div class=\"kt-block-spacer kt-block-spacer-halign-center\"><hr class=\"kt-divider\"\/><\/div><\/div>\n\n\n\n<p>Entrevista a Amadeu Pons a R\u00e0dio Castellter\u00e7ol (17 de febrer de 2021), dins del programa&nbsp;Llegim OK\u00e8?,&nbsp;dirigit i presentat per Pilar Gili. Per escoltar el programa, accediu a l\u2019enlla\u00e7 seg\u00fcent, a partir del minut 10.30:&nbsp;<a href=\"https:\/\/go.ivoox.com\/rf\/65620048\" target=\"_blank\" rel=\"noreferrer noopener\"><u>https:\/\/go.ivoox.com\/rf\/65620048<\/u><\/a><\/p>\n\n\n<style>.wp-block-kadence-spacer.kt-block-spacer-17_a8d530-f1 .kt-block-spacer{height:60px;}.wp-block-kadence-spacer.kt-block-spacer-17_a8d530-f1 .kt-divider{border-top-width:2px;border-top-color:var(--global-palette1, #3182CE);width:100%;border-top-style:solid;}<\/style>\n<div class=\"wp-block-kadence-spacer aligncenter kt-block-spacer-17_a8d530-f1\"><div class=\"kt-block-spacer kt-block-spacer-halign-center\"><hr class=\"kt-divider\"\/><\/div><\/div>\n\n\n\n<p><br><em>L\u2019Escola de Llibreria: el postgrau despr\u00e9s del \u2018boom\u2019 de comer\u00e7os llibrescs a Catalunya&nbsp;<\/em>(15 de gener de 2021)&nbsp;<a href=\"https:\/\/www.elperiodico.cat\/ca\/oci-i-cultura\/20210115\/escola-llibreria-universitat-barcelona-boom-librerias-catalunya-11457999\" target=\"_blank\" rel=\"noreferrer noopener\"><u>https:\/\/www.elperiodico.cat\/ca\/oci-i-cultura\/20210115\/escola-llibreria-universitat-barcelona-boom-librerias-catalunya-11457999<\/u><\/a><\/p>\n\n\n<style>.wp-block-kadence-spacer.kt-block-spacer-17_391dcb-48 .kt-block-spacer{height:60px;}.wp-block-kadence-spacer.kt-block-spacer-17_391dcb-48 .kt-divider{border-top-width:2px;border-top-color:var(--global-palette1, #3182CE);width:100%;border-top-style:solid;}<\/style>\n<div class=\"wp-block-kadence-spacer aligncenter kt-block-spacer-17_391dcb-48\"><div class=\"kt-block-spacer kt-block-spacer-halign-center\"><hr class=\"kt-divider\"\/><\/div><\/div>\n\n\n\n<p>\u00ab<a href=\"https:\/\/www.rtve.es\/play\/videos\/telediario\/abrir-libreria-plena-pandemia\/5714197\/\" target=\"_blank\" rel=\"noreferrer noopener\">Abrir una librer\u00eda en plena pandemia<\/a>\u00bb RTVE \u2013 14\/11\/2020&nbsp;<\/p>\n\n\n<style>.wp-block-kadence-spacer.kt-block-spacer-17_89366e-ef .kt-block-spacer{height:60px;}.wp-block-kadence-spacer.kt-block-spacer-17_89366e-ef .kt-divider{border-top-width:2px;border-top-color:var(--global-palette1, #3182CE);width:100%;border-top-style:solid;}<\/style>\n<div class=\"wp-block-kadence-spacer aligncenter kt-block-spacer-17_89366e-ef\"><div class=\"kt-block-spacer kt-block-spacer-halign-center\"><hr class=\"kt-divider\"\/><\/div><\/div>\n\n\n\n<p><br><a href=\"https:\/\/fima.ub.edu\/edl\/wp-content\/presentacio_EdL\/ll-agusti-la-vanguardia.pdf\" target=\"_blank\" rel=\"noreferrer noopener\"><em><u>El bibliotecari&nbsp;que llegeix poemes per tel\u00e8fon<\/u><\/em><\/a><em>&nbsp;<\/em>(19&nbsp;de setembre&nbsp;de 2020)<em>&nbsp;<\/em><a href=\"https:\/\/www.lavanguardia.com\/vida\/20200919\/483524498099\/lluis-agusti-poemas-covid.html?utm_term=botones_sociales_app&amp;utm_source=social-otros&amp;utm_medium=social\" target=\"_blank\" rel=\"noreferrer noopener\"><u>https:\/\/www.lavanguardia.com\/vida\/20200919\/483524498099\/lluis-agusti-poemas-covid.html<\/u><\/a><\/p>\n\n\n<style>.wp-block-kadence-spacer.kt-block-spacer-17_98a4c8-2d .kt-block-spacer{height:60px;}.wp-block-kadence-spacer.kt-block-spacer-17_98a4c8-2d .kt-divider{border-top-width:2px;border-top-color:var(--global-palette1, #3182CE);width:100%;border-top-style:solid;}<\/style>\n<div class=\"wp-block-kadence-spacer aligncenter kt-block-spacer-17_98a4c8-2d\"><div class=\"kt-block-spacer kt-block-spacer-halign-center\"><hr class=\"kt-divider\"\/><\/div><\/div>\n\n\n\n<p>Entrevista a Llu\u00eds Agust\u00ed a R\u00e0dio Sabadell (18 de novembre de 2019), dins de l\u2019espai \u00abEl llibre obert\u00bb, del programa Al mat\u00ed, que \u00e9s portat per Cecilia Pic\u00fan, de la llibreria Librer\u00edo de La Plata d\u2019aquella ciutat. Intervenen tamb\u00e9 Eduardo Zotes, estudiant de l\u2019Escola de Llibreria que ha fet les pr\u00e0ctiques obligat\u00f2ries del postgrau en aquella llibreria sabadellenca, Maria Carme Ferrer, presidenta del Gremi de Llibreters de Catalunya, Gl\u00f2ria Arquillo, exalumna de l\u2019Escola i propiet\u00e0ria \u2013amb Anun Jim\u00e9nez\u2013 de La Inexplicable, llibreria de Sants que acaba de complir dos anys de la seva creaci\u00f3, i Gemma Barrufet, de la llibreria A Peu de P\u00e0gina. Per escoltar el programa, accediu a l\u2019enlla\u00e7 seg\u00fcent:<br><a href=\"http:\/\/radiosabadell.fm\/audio\/el-llibre-obert-un-viatge-al-passat-present-i-futur-de-les-llibreries\" target=\"_blank\" rel=\"noreferrer noopener\"><u>http:\/\/radiosabadell.fm\/audio\/el-llibre-obert-un-viatge-al-passat-present-i-futur-de-les-llibreries<\/u><\/a><\/p>\n\n\n<style>.wp-block-kadence-spacer.kt-block-spacer-17_5b006d-f9 .kt-block-spacer{height:60px;}.wp-block-kadence-spacer.kt-block-spacer-17_5b006d-f9 .kt-divider{border-top-width:2px;border-top-color:var(--global-palette1, #3182CE);width:100%;border-top-style:solid;}<\/style>\n<div class=\"wp-block-kadence-spacer aligncenter kt-block-spacer-17_5b006d-f9\"><div class=\"kt-block-spacer kt-block-spacer-halign-center\"><hr class=\"kt-divider\"\/><\/div><\/div>\n\n\n\n<p>Entrevista a Llu\u00eds Agust\u00ed al programa \u00abEls oficis del llibre\u00bb, de R\u00e0dio L\u2019Escala per La Xarxa (12 d\u2019abril de 2019)<\/p>\n\n\n<style>.kb-image17_6e50c4-29 .kb-image-has-overlay:after{opacity:0.3;}<\/style>\n<figure class=\"wp-block-kadence-image kb-image17_6e50c4-29 size-large\"><a href=\"http:\/\/www.radiolescala.cat\/audio\/21957-22-els-oficis-del-llibre-lluis-agusti\" class=\"kb-advanced-image-link\" target=\"_blank\" rel=\"noopener noreferrer\"><img decoding=\"async\" src=\"https:\/\/fima.ub.edu\/edl\/wp-content\/presentacio_EdL\/f8lxehymsenehmayv8zq.jpg\" alt=\"\" class=\"kb-img\"\/><\/a><\/figure>\n\n\n<style>.wp-block-kadence-spacer.kt-block-spacer-17_148cf3-30 .kt-block-spacer{height:60px;}.wp-block-kadence-spacer.kt-block-spacer-17_148cf3-30 .kt-divider{border-top-width:2px;border-top-color:var(--global-palette1, #3182CE);width:100%;border-top-style:solid;}<\/style>\n<div class=\"wp-block-kadence-spacer aligncenter kt-block-spacer-17_148cf3-30\"><div class=\"kt-block-spacer kt-block-spacer-halign-center\"><hr class=\"kt-divider\"\/><\/div><\/div>\n\n\n\n<p><a href=\"https:\/\/dialnet.unirioja.es\/servlet\/articulo?codigo=7308906\" target=\"_blank\" rel=\"noreferrer noopener\"><em><u>La formaci\u00f3n de libreros en Espa\u00f1a: balance de la Escuela de Librer\u00eda<\/u><\/em><\/a>. Contraportada &nbsp;4, 2019 (Ejemplar dedicado a: Libros acad\u00e9micos en bibliotecas y librer\u00edas), p\u00e1gs. 52-61.<\/p>\n\n\n<style>.wp-block-kadence-spacer.kt-block-spacer-17_86f0fc-3e .kt-block-spacer{height:60px;}.wp-block-kadence-spacer.kt-block-spacer-17_86f0fc-3e .kt-divider{border-top-width:2px;border-top-color:var(--global-palette1, #3182CE);width:100%;border-top-style:solid;}<\/style>\n<div class=\"wp-block-kadence-spacer aligncenter kt-block-spacer-17_86f0fc-3e\"><div class=\"kt-block-spacer kt-block-spacer-halign-center\"><hr class=\"kt-divider\"\/><\/div><\/div>\n\n\n\n<p><br>Llu\u00eds Agust\u00ed, entrevistat al programa \u00abL\u2019irradiador\u00bb, d\u2019iCat (12 de febrer de 2019)<\/p>\n\n\n\n<iframe loading=\"lazy\" allowfullscreen=\"\" frameborder=\"0\" height=\"281px\" scrolling=\"no\" src=\"https:\/\/www.ccma.cat\/audio\/embed\/1029929\/\" width=\"560px\"><\/iframe>\n\n\n<style>.wp-block-kadence-spacer.kt-block-spacer-17_338f13-b5 .kt-block-spacer{height:60px;}.wp-block-kadence-spacer.kt-block-spacer-17_338f13-b5 .kt-divider{border-top-width:2px;border-top-color:var(--global-palette1, #3182CE);width:100%;border-top-style:solid;}<\/style>\n<div class=\"wp-block-kadence-spacer aligncenter kt-block-spacer-17_338f13-b5\"><div class=\"kt-block-spacer kt-block-spacer-halign-center\"><hr class=\"kt-divider\"\/><\/div><\/div>\n\n\n\n<p>El postgrau de Llibreria, al Telenot\u00edcies de TV3 (2 d&#8217;octubre de 2018)<\/p>\n\n\n\n<iframe loading=\"lazy\" allowfullscreen=\"\" frameborder=\"0\" height=\"281px\" scrolling=\"no\" src=\"https:\/\/www.ccma.cat\/video\/embed\/5789441\/\" width=\"560px\"><\/iframe>\n\n\n<style>.wp-block-kadence-spacer.kt-block-spacer-17_e9621f-4f .kt-block-spacer{height:60px;}.wp-block-kadence-spacer.kt-block-spacer-17_e9621f-4f .kt-divider{border-top-width:2px;border-top-color:var(--global-palette1, #3182CE);width:100%;border-top-style:solid;}<\/style>\n<div class=\"wp-block-kadence-spacer aligncenter kt-block-spacer-17_e9621f-4f\"><div class=\"kt-block-spacer kt-block-spacer-halign-center\"><hr class=\"kt-divider\"\/><\/div><\/div>\n\n\n\n<p>Llu\u00eds Agust\u00ed,&nbsp;director de l\u2019Escola de Llibreria UB,&nbsp;entrevistat a Terr\u00edcoles de Betev\u00e9 (30 de juny de 2018)<\/p>\n\n\n\n<iframe loading=\"lazy\" allow=\"autoplay *; fullscreen *; encrypted-media *\" allowfullscreen=\"\" frameborder=\"0\" height=\"310\" mozallowfullscreen=\"\" src=\"https:\/\/cdnapisec.kaltura.com\/p\/2346171\/sp\/234617100\/embedIframeJs\/uiconf_id\/42600891\/partner_id\/2346171?iframeembed=true&amp;playerId=0_gdpptyhy&amp;entry_id=0_gdpptyhy&amp;flashvars[streamerType]=auto\" webkitallowfullscreen=\"\" width=\"560\"><\/iframe>\n\n\n<style>.wp-block-kadence-spacer.kt-block-spacer-17_5b6ce8-00 .kt-block-spacer{height:60px;}.wp-block-kadence-spacer.kt-block-spacer-17_5b6ce8-00 .kt-divider{border-top-width:2px;border-top-color:var(--global-palette1, #3182CE);width:100%;border-top-style:solid;}<\/style>\n<div class=\"wp-block-kadence-spacer aligncenter kt-block-spacer-17_5b6ce8-00\"><div class=\"kt-block-spacer kt-block-spacer-halign-center\"><hr class=\"kt-divider\"\/><\/div><\/div>\n\n\n\n<p>L&#8217;Escola de Llibreria a la jornada \u00abLibrer\u00edas, 400 a\u00f1os despu\u00e9s\u00bb organitzada per la Fundaci\u00f3n Santillana, l\u2019ambaixada de M\u00e8xic i l\u2019Instituto de M\u00e9xico en Espa\u00f1a (12 de maig de 2016)<\/p>\n\n\n<style>.kb-image17_a32d20-4f.kb-image-is-ratio-size, .kb-image17_a32d20-4f .kb-image-is-ratio-size{max-width:500px;width:100%;}.wp-block-kadence-column > .kt-inside-inner-col > .kb-image17_a32d20-4f.kb-image-is-ratio-size, .wp-block-kadence-column > .kt-inside-inner-col > .kb-image17_a32d20-4f .kb-image-is-ratio-size{align-self:unset;}.kb-image17_a32d20-4f{max-width:500px;}.image-is-svg.kb-image17_a32d20-4f{-webkit-flex:0 1 100%;flex:0 1 100%;}.image-is-svg.kb-image17_a32d20-4f img{width:100%;}.kb-image17_a32d20-4f .kb-image-has-overlay:after{opacity:0.3;}<\/style>\n<figure class=\"wp-block-kadence-image kb-image17_a32d20-4f size-large\"><a href=\"http:\/\/www.ibe.tv\/es\/canal\/leer\/1340\/Libreros.htm\" class=\"kb-advanced-image-link\" target=\"_blank\" rel=\"noopener noreferrer\"><img decoding=\"async\" src=\"https:\/\/fima.ub.edu\/edl\/wp-content\/presentacio_EdL\/jornada_libreros.jpg\" alt=\"\" class=\"kb-img\"\/><\/a><\/figure>\n\n\n<style>.wp-block-kadence-spacer.kt-block-spacer-17_d4922b-9b .kt-block-spacer{height:60px;}.wp-block-kadence-spacer.kt-block-spacer-17_d4922b-9b .kt-divider{border-top-width:2px;border-top-color:var(--global-palette1, #3182CE);width:100%;border-top-style:solid;}<\/style>\n<div class=\"wp-block-kadence-spacer aligncenter kt-block-spacer-17_d4922b-9b\"><div class=\"kt-block-spacer kt-block-spacer-halign-center\"><hr class=\"kt-divider\"\/><\/div><\/div>\n\n\n\n<p><a href=\"https:\/\/www.jstor.org\/stable\/26156248\" target=\"_blank\" rel=\"noreferrer noopener\"><em>Una propuesta de formaci\u00f3n para los libreros<\/em><\/a>.&nbsp;Trama &amp; Texturas&nbsp;(04\/2016)&nbsp;<\/p>\n\n\n<style>.wp-block-kadence-spacer.kt-block-spacer-17_a88d53-01 .kt-block-spacer{height:60px;}.wp-block-kadence-spacer.kt-block-spacer-17_a88d53-01 .kt-divider{border-top-width:2px;border-top-color:var(--global-palette1, #3182CE);width:100%;border-top-style:solid;}<\/style>\n<div class=\"wp-block-kadence-spacer aligncenter kt-block-spacer-17_a88d53-01\"><div class=\"kt-block-spacer kt-block-spacer-halign-center\"><hr class=\"kt-divider\"\/><\/div><\/div>\n\n\n\n<p><br><a href=\"https:\/\/www.ccma.cat\/tv3\/alacarta\/arts-i-oficis\/llibreria\/video\/5596311\/\" target=\"_blank\" rel=\"noreferrer noopener\">Programa Arts i oficis del Canal 33 dedicat a l&#8217;ofici de llibreter&nbsp;(21 d&#8217;abril de 2016)<\/a><\/p>\n\n\n<style>.wp-block-kadence-spacer.kt-block-spacer-17_1540fe-61 .kt-block-spacer{height:60px;}.wp-block-kadence-spacer.kt-block-spacer-17_1540fe-61 .kt-divider{border-top-width:2px;border-top-color:var(--global-palette1, #3182CE);width:100%;border-top-style:solid;}<\/style>\n<div class=\"wp-block-kadence-spacer aligncenter kt-block-spacer-17_1540fe-61\"><div class=\"kt-block-spacer kt-block-spacer-halign-center\"><hr class=\"kt-divider\"\/><\/div><\/div>\n\n\n\n<p><br>\u00ab<a href=\"http:\/\/www.laxarxa.cat\/actualitat\/cultura-i-xarxes\/noticia\/vull-ser-llibreter\" target=\"_blank\" rel=\"noreferrer noopener\">Vull ser llibreter. 25 alumnes es formen a les aules per ser llibreters a l&#8217;escola de Llibreria<\/a>.&nbsp;<a href=\"http:\/\/www.laxarxa.cat\/actualitat\/cultura-i-xarxes\/noticia\/vull-ser-llibreter\" target=\"_blank\" rel=\"noreferrer noopener\">Se&#8217;ls ensenya tot all\u00f2 que de manera directa o indirecta t\u00e9 a veure amb el m\u00f3n del llibre<\/a>\u00bb. La Xarxa de Comunicaci\u00f3 Local, 21-04-2013&nbsp;<\/p>\n\n\n<style>.wp-block-kadence-spacer.kt-block-spacer-17_d88ffe-e2 .kt-block-spacer{height:60px;}.wp-block-kadence-spacer.kt-block-spacer-17_d88ffe-e2 .kt-divider{border-top-width:2px;border-top-color:var(--global-palette1, #3182CE);width:100%;border-top-style:solid;}<\/style>\n<div class=\"wp-block-kadence-spacer aligncenter kt-block-spacer-17_d88ffe-e2\"><div class=\"kt-block-spacer kt-block-spacer-halign-center\"><hr class=\"kt-divider\"\/><\/div><\/div>\n\n\n\n<p><br><a href=\"http:\/\/www.elpuntavui.cat\/article\/5-cultura\/19-cultura\/655653-vull-ser-llibreter.html\" target=\"_blank\" rel=\"noreferrer noopener\">Vull ser llibreter&#8230;!<\/a>&nbsp;El Punt Avui (21 de juny 2013)<\/p>\n\n\n<style>.wp-block-kadence-spacer.kt-block-spacer-17_3d5435-1b .kt-block-spacer{height:60px;}.wp-block-kadence-spacer.kt-block-spacer-17_3d5435-1b .kt-divider{border-top-width:2px;border-top-color:var(--global-palette1, #3182CE);width:100%;border-top-style:solid;}<\/style>\n<div class=\"wp-block-kadence-spacer aligncenter kt-block-spacer-17_3d5435-1b\"><div class=\"kt-block-spacer kt-block-spacer-halign-center\"><hr class=\"kt-divider\"\/><\/div><\/div>\n\n\n\n<p>El v\u00eddeo de la&nbsp;<em>Setmana del Llibre en Catal\u00e0&nbsp;<\/em>animat i editat per&nbsp;<a href=\"http:\/\/www.david-pujol.com\/\" target=\"_blank\" rel=\"noreferrer noopener\">David Pujol<\/a>&nbsp;on hi participen m\u00e9s de 60 persones, entre d&#8217;altres, el director, el coordinador i els alumnes de la primera promoci\u00f3 de l&#8217;Escola de Llibreria, promoci\u00f3 2012-2013.&nbsp;<\/p>\n\n\n\n<figure class=\"wp-block-embed is-type-video is-provider-vimeo wp-block-embed-vimeo\"><div class=\"wp-block-embed__wrapper\">\n<iframe loading=\"lazy\" title=\"La Setmana del llibre en catal\u00e0\" src=\"https:\/\/player.vimeo.com\/video\/71981246?dnt=1&amp;app_id=122963\" width=\"720\" height=\"405\" frameborder=\"0\" allow=\"autoplay; fullscreen; picture-in-picture; clipboard-write; encrypted-media; web-share\" referrerpolicy=\"strict-origin-when-cross-origin\"><\/iframe>\n<\/div><\/figure>\n\n\n\n<p>Reportatge, gravat el dia 10\/04\/2013,&nbsp;<a href=\"https:\/\/www.alacarta.cat\/la-setmana\/tall\/vull-ser-llibretera\" target=\"_blank\" rel=\"noreferrer noopener\">produ\u00eft per La Xarxa<\/a>, i incl\u00f2s en el programa&nbsp;<em>La 7mana,<\/em>&nbsp;a alumnes de l&#8217;Escola de Llibreria, promoci\u00f3 2012-2013<\/p>\n<\/div><\/div>\n\n<\/div><\/div>","protected":false},"excerpt":{"rendered":"<p>L&#8217;Escola de Llibreria als mitjans Entrevista a Llu\u00eds Agust\u00ed a R\u00e0dio Tordera (4 de febrer&#8230;<\/p>\n","protected":false},"author":1,"featured_media":0,"parent":0,"menu_order":0,"comment_status":"closed","ping_status":"closed","template":"","meta":{"_acf_changed":false,"_seopress_robots_primary_cat":"","_seopress_titles_title":"","_seopress_titles_desc":"","_seopress_robots_index":"","inline_featured_image":false,"_kad_blocks_custom_css":"","_kad_blocks_head_custom_js":"","_kad_blocks_body_custom_js":"","_kad_blocks_footer_custom_js":"","_kad_post_transparent":"","_kad_post_title":"","_kad_post_layout":"","_kad_post_sidebar_id":"","_kad_post_content_style":"","_kad_post_vertical_padding":"","_kad_post_feature":"","_kad_post_feature_position":"","_kad_post_header":false,"_kad_post_footer":false,"_kad_post_classname":"","footnotes":""},"class_list":["post-17","page","type-page","status-publish","hentry"],"acf":[],"taxonomy_info":[],"featured_image_src_large":false,"author_info":{"display_name":"jordi","author_link":"https:\/\/fima.ub.edu\/edl\/author\/jordi\/"},"comment_info":"","_links":{"self":[{"href":"https:\/\/fima.ub.edu\/edl\/wp-json\/wp\/v2\/pages\/17","targetHints":{"allow":["GET"]}}],"collection":[{"href":"https:\/\/fima.ub.edu\/edl\/wp-json\/wp\/v2\/pages"}],"about":[{"href":"https:\/\/fima.ub.edu\/edl\/wp-json\/wp\/v2\/types\/page"}],"author":[{"embeddable":true,"href":"https:\/\/fima.ub.edu\/edl\/wp-json\/wp\/v2\/users\/1"}],"replies":[{"embeddable":true,"href":"https:\/\/fima.ub.edu\/edl\/wp-json\/wp\/v2\/comments?post=17"}],"version-history":[{"count":4,"href":"https:\/\/fima.ub.edu\/edl\/wp-json\/wp\/v2\/pages\/17\/revisions"}],"predecessor-version":[{"id":5304,"href":"https:\/\/fima.ub.edu\/edl\/wp-json\/wp\/v2\/pages\/17\/revisions\/5304"}],"wp:attachment":[{"href":"https:\/\/fima.ub.edu\/edl\/wp-json\/wp\/v2\/media?parent=17"}],"curies":[{"name":"wp","href":"https:\/\/api.w.org\/{rel}","templated":true}]}}