{"id":1715,"date":"2025-10-10T18:14:21","date_gmt":"2025-10-10T16:14:21","guid":{"rendered":"https:\/\/ub.mmkt.dev\/?page_id=1715"},"modified":"2026-03-06T12:24:43","modified_gmt":"2026-03-06T11:24:43","slug":"sobre-el-blog","status":"publish","type":"page","link":"https:\/\/fima.ub.edu\/edl\/sobre-el-blog\/","title":{"rendered":"Sobre el blog"},"content":{"rendered":"<style>.kb-row-layout-id1715_6917b2-47 > .kt-row-column-wrap{align-content:start;}:where(.kb-row-layout-id1715_6917b2-47 > .kt-row-column-wrap) > .wp-block-kadence-column{justify-content:start;}.kb-row-layout-id1715_6917b2-47 > .kt-row-column-wrap{column-gap:var(--global-kb-gap-md, 2rem);row-gap:var(--global-kb-gap-md, 2rem);padding-top:var(--global-kb-spacing-lg, 3rem);padding-bottom:var(--global-kb-spacing-lg, 3rem);grid-template-columns:minmax(0, 1fr);}.kb-row-layout-id1715_6917b2-47 > .kt-row-layout-overlay{opacity:0.30;}@media all and (max-width: 1024px){.kb-row-layout-id1715_6917b2-47 > .kt-row-column-wrap{grid-template-columns:minmax(0, 1fr);}}@media all and (max-width: 767px){.kb-row-layout-id1715_6917b2-47 > .kt-row-column-wrap{grid-template-columns:minmax(0, 1fr);}}<\/style><div class=\"kb-row-layout-wrap kb-row-layout-id1715_6917b2-47 alignnone wp-block-kadence-rowlayout\"><div class=\"kt-row-column-wrap kt-has-1-columns kt-row-layout-equal kt-tab-layout-inherit kt-mobile-layout-row kt-row-valign-top\">\n<style>.kadence-column1715_8da669-7d > .kt-inside-inner-col,.kadence-column1715_8da669-7d > .kt-inside-inner-col:before{border-top-left-radius:0px;border-top-right-radius:0px;border-bottom-right-radius:0px;border-bottom-left-radius:0px;}.kadence-column1715_8da669-7d > .kt-inside-inner-col{column-gap:var(--global-kb-gap-sm, 1rem);}.kadence-column1715_8da669-7d > .kt-inside-inner-col{flex-direction:column;}.kadence-column1715_8da669-7d > .kt-inside-inner-col > .aligncenter{width:100%;}.kadence-column1715_8da669-7d > .kt-inside-inner-col:before{opacity:0.3;}.kadence-column1715_8da669-7d{position:relative;}@media all and (max-width: 1024px){.kadence-column1715_8da669-7d > .kt-inside-inner-col{flex-direction:column;justify-content:center;}}@media all and (max-width: 767px){.kadence-column1715_8da669-7d > .kt-inside-inner-col{flex-direction:column;justify-content:center;}}<\/style>\n<div class=\"wp-block-kadence-column kadence-column1715_8da669-7d\"><div class=\"kt-inside-inner-col\">\n<p>El prop\u00f2sit del <em>Blog de l&#8217;Escola de Llibreria<\/em> \u00e9s donar a con\u00e8ixer l&#8217;exist\u00e8ncia d&#8217;aquesta plataforma de formaci\u00f3 entre tots els interessats, divulgar not\u00edcies relacionades amb el sector de la llibreria a Catalunya i al m\u00f3n, i facilitar el coneixement d&#8217;organismes, llibreries i fonts d&#8217;informaci\u00f3 relacionades. Els responsables del blog no comparteixen necess\u00e0riament les opinions publicades.<\/p>\n\n\n\n<p>Els comentaris s\u00f3n sempre benvinguts. Animem els lectors a deixar opinions, suggeriments, temes de debat&#8230;<\/p>\n\n\n\n<p>Els responsables d\u2019aquest blog s\u00f3n:<\/p>\n\n\n<style>.wp-block-kadence-iconlist.kt-svg-icon-list-items1715_39398b-ce:not(.this-stops-third-party-issues){margin-top:0px;margin-bottom:0px;}.wp-block-kadence-iconlist.kt-svg-icon-list-items1715_39398b-ce ul.kt-svg-icon-list:not(.this-prevents-issues):not(.this-stops-third-party-issues):not(.tijsloc){margin-top:0px;margin-right:0px;margin-bottom:var(--global-kb-spacing-sm, 1.5rem);margin-left:0px;}.wp-block-kadence-iconlist.kt-svg-icon-list-items1715_39398b-ce ul.kt-svg-icon-list{grid-row-gap:5px;}.wp-block-kadence-iconlist.kt-svg-icon-list-items1715_39398b-ce .kb-svg-icon-wrap{color:var(--global-palette1, #3182CE);}.wp-block-kadence-iconlist.kt-svg-icon-list-items1715_39398b-ce ul.kt-svg-icon-list .kt-svg-icon-list-item-wrap .kt-svg-icon-list-single{margin-right:10px;}.kt-svg-icon-list-items1715_39398b-ce ul.kt-svg-icon-list .kt-svg-icon-list-level-0 .kt-svg-icon-list-single svg{font-size:20px;}<\/style>\n<div class=\"wp-block-kadence-iconlist kt-svg-icon-list-items kt-svg-icon-list-items1715_39398b-ce kt-svg-icon-list-columns-1 alignnone\"><ul class=\"kt-svg-icon-list\"><style>.kt-svg-icon-list-item-1715_ee9959-a7 .kt-svg-icon-list-text mark.kt-highlight{background-color:unset;font-style:normal;color:#f76a0c;-webkit-box-decoration-break:clone;box-decoration-break:clone;padding-top:0px;padding-right:0px;padding-bottom:0px;padding-left:0px;}<\/style>\n<li class=\"wp-block-kadence-listitem kt-svg-icon-list-item-wrap kt-svg-icon-list-item-1715_ee9959-a7\"><span class=\"kb-svg-icon-wrap kb-svg-icon-fe_checkCircle kt-svg-icon-list-single\"><svg viewBox=\"0 0 24 24\"  fill=\"none\" stroke=\"currentColor\" stroke-width=\"2\" stroke-linecap=\"round\" stroke-linejoin=\"round\" xmlns=\"http:\/\/www.w3.org\/2000\/svg\"  aria-hidden=\"true\"><path d=\"M22 11.08V12a10 10 0 1 1-5.93-9.14\"\/><polyline points=\"22 4 12 14.01 9 11.01\"\/><\/svg><\/span><span class=\"kt-svg-icon-list-text\">Llu\u00eds Agust\u00ed\u00a0<a href=\"mailto:agusti@ub.edu\">agusti@ub.edu<\/a>\u00a0 Tel. 934 035 782<\/span><\/li>\n\n\n<style>.kt-svg-icon-list-item-1715_884e11-eb .kt-svg-icon-list-text mark.kt-highlight{background-color:unset;font-style:normal;color:#f76a0c;-webkit-box-decoration-break:clone;box-decoration-break:clone;padding-top:0px;padding-right:0px;padding-bottom:0px;padding-left:0px;}<\/style>\n<li class=\"wp-block-kadence-listitem kt-svg-icon-list-item-wrap kt-svg-icon-list-item-1715_884e11-eb\"><span class=\"kb-svg-icon-wrap kb-svg-icon-fe_checkCircle kt-svg-icon-list-single\"><svg viewBox=\"0 0 24 24\"  fill=\"none\" stroke=\"currentColor\" stroke-width=\"2\" stroke-linecap=\"round\" stroke-linejoin=\"round\" xmlns=\"http:\/\/www.w3.org\/2000\/svg\"  aria-hidden=\"true\"><path d=\"M22 11.08V12a10 10 0 1 1-5.93-9.14\"\/><polyline points=\"22 4 12 14.01 9 11.01\"\/><\/svg><\/span><span class=\"kt-svg-icon-list-text\">Amadeu Pons\u00a0<a href=\"mailto:pons@ub.edu\">pons@ub.edu<\/a>\u00a0<\/span><\/li>\n\n\n<style>.kt-svg-icon-list-item-1715_4642e8-83 .kt-svg-icon-list-text mark.kt-highlight{background-color:unset;font-style:normal;color:#f76a0c;-webkit-box-decoration-break:clone;box-decoration-break:clone;padding-top:0px;padding-right:0px;padding-bottom:0px;padding-left:0px;}<\/style>\n<li class=\"wp-block-kadence-listitem kt-svg-icon-list-item-wrap kt-svg-icon-list-item-1715_4642e8-83\"><span class=\"kb-svg-icon-wrap kb-svg-icon-fe_checkCircle kt-svg-icon-list-single\"><svg viewBox=\"0 0 24 24\"  fill=\"none\" stroke=\"currentColor\" stroke-width=\"2\" stroke-linecap=\"round\" stroke-linejoin=\"round\" xmlns=\"http:\/\/www.w3.org\/2000\/svg\"  aria-hidden=\"true\"><path d=\"M22 11.08V12a10 10 0 1 1-5.93-9.14\"\/><polyline points=\"22 4 12 14.01 9 11.01\"\/><\/svg><\/span><span class=\"kt-svg-icon-list-text\">Col\u00b7laboradors:&nbsp;<a href=\"mailto:marcelalbet@yahoo.com\">Marcel Albet<\/a>&nbsp;&nbsp;i&nbsp;<a href=\"mailto:nuvibo@gmail.com\">N\u00faria Vila<\/a>&nbsp;<\/span><\/li>\n\n\n<style>.kt-svg-icon-list-item-1715_00d411-56 .kt-svg-icon-list-text mark.kt-highlight{background-color:unset;font-style:normal;color:#f76a0c;-webkit-box-decoration-break:clone;box-decoration-break:clone;padding-top:0px;padding-right:0px;padding-bottom:0px;padding-left:0px;}<\/style>\n<li class=\"wp-block-kadence-listitem kt-svg-icon-list-item-wrap kt-svg-icon-list-item-1715_00d411-56\"><span class=\"kb-svg-icon-wrap kb-svg-icon-fe_checkCircle kt-svg-icon-list-single\"><svg viewBox=\"0 0 24 24\"  fill=\"none\" stroke=\"currentColor\" stroke-width=\"2\" stroke-linecap=\"round\" stroke-linejoin=\"round\" xmlns=\"http:\/\/www.w3.org\/2000\/svg\"  aria-hidden=\"true\"><path d=\"M22 11.08V12a10 10 0 1 1-5.93-9.14\"\/><polyline points=\"22 4 12 14.01 9 11.01\"\/><\/svg><\/span><span class=\"kt-svg-icon-list-text\">Desenvolupament tecnol\u00f2gic:&nbsp;<a href=\"https:\/\/fima.ub.edu\/pub\/rzgairin\/bienvenido\" target=\"_blank\" rel=\"noreferrer noopener\">Josep-Manuel Rodr\u00edguez-Gair\u00edn<\/a><\/span><\/li>\n<\/ul><\/div>\n<\/div><\/div>\n\n<\/div><\/div>\n\n<style>.kb-row-layout-id1715_21a84e-ee > .kt-row-column-wrap{align-content:start;}:where(.kb-row-layout-id1715_21a84e-ee > .kt-row-column-wrap) > .wp-block-kadence-column{justify-content:start;}.kb-row-layout-id1715_21a84e-ee > .kt-row-column-wrap{column-gap:var(--global-kb-gap-md, 2rem);row-gap:var(--global-kb-gap-md, 2rem);padding-top:var(--global-kb-spacing-sm, 1.5rem);padding-bottom:var(--global-kb-spacing-sm, 1.5rem);grid-template-columns:minmax(0, 1fr);}.kb-row-layout-id1715_21a84e-ee > .kt-row-layout-overlay{opacity:0.30;}@media all and (max-width: 1024px){.kb-row-layout-id1715_21a84e-ee > .kt-row-column-wrap{grid-template-columns:minmax(0, 1fr);}}@media all and (max-width: 767px){.kb-row-layout-id1715_21a84e-ee > .kt-row-column-wrap{grid-template-columns:minmax(0, 1fr);}}<\/style><div class=\"kb-row-layout-wrap kb-row-layout-id1715_21a84e-ee alignnone wp-block-kadence-rowlayout\"><div class=\"kt-row-column-wrap kt-has-1-columns kt-row-layout-equal kt-tab-layout-inherit kt-mobile-layout-row kt-row-valign-top\">\n<style>.kadence-column1715_a18e9b-2f > .kt-inside-inner-col,.kadence-column1715_a18e9b-2f > .kt-inside-inner-col:before{border-top-left-radius:0px;border-top-right-radius:0px;border-bottom-right-radius:0px;border-bottom-left-radius:0px;}.kadence-column1715_a18e9b-2f > .kt-inside-inner-col{column-gap:var(--global-kb-gap-sm, 1rem);}.kadence-column1715_a18e9b-2f > .kt-inside-inner-col{flex-direction:column;}.kadence-column1715_a18e9b-2f > .kt-inside-inner-col > .aligncenter{width:100%;}.kadence-column1715_a18e9b-2f > .kt-inside-inner-col:before{opacity:0.3;}.kadence-column1715_a18e9b-2f{position:relative;}@media all and (max-width: 1024px){.kadence-column1715_a18e9b-2f > .kt-inside-inner-col{flex-direction:column;justify-content:center;}}@media all and (max-width: 767px){.kadence-column1715_a18e9b-2f > .kt-inside-inner-col{flex-direction:column;justify-content:center;}}<\/style>\n<div class=\"wp-block-kadence-column kadence-column1715_a18e9b-2f\"><div class=\"kt-inside-inner-col\"><style>.wp-block-kadence-advancedheading.kt-adv-heading1715_ba4fbd-0e, .wp-block-kadence-advancedheading.kt-adv-heading1715_ba4fbd-0e[data-kb-block=\"kb-adv-heading1715_ba4fbd-0e\"]{font-style:normal;}.wp-block-kadence-advancedheading.kt-adv-heading1715_ba4fbd-0e mark.kt-highlight, .wp-block-kadence-advancedheading.kt-adv-heading1715_ba4fbd-0e[data-kb-block=\"kb-adv-heading1715_ba4fbd-0e\"] mark.kt-highlight{font-style:normal;color:#f76a0c;-webkit-box-decoration-break:clone;box-decoration-break:clone;padding-top:0px;padding-right:0px;padding-bottom:0px;padding-left:0px;}.wp-block-kadence-advancedheading.kt-adv-heading1715_ba4fbd-0e img.kb-inline-image, .wp-block-kadence-advancedheading.kt-adv-heading1715_ba4fbd-0e[data-kb-block=\"kb-adv-heading1715_ba4fbd-0e\"] img.kb-inline-image{width:150px;vertical-align:baseline;}<\/style>\n<h2 class=\"kt-adv-heading1715_ba4fbd-0e wp-block-kadence-advancedheading\" data-kb-block=\"kb-adv-heading1715_ba4fbd-0e\"><strong>Tr\u00edptic edici\u00f3 2025-2026<\/strong><\/h2>\n\n\n<style>.wp-block-kadence-advancedgallery .kb-gallery-type-masonry.kb-gallery-id-1715_237e75-59{margin:-5px;}.kb-gallery-type-masonry.kb-gallery-id-1715_237e75-59 .kadence-blocks-gallery-item{padding:5px;}.kb-gallery-id-1715_237e75-59 .kadence-blocks-gallery-item .kb-gal-image-radius, .kb-gallery-id-1715_237e75-59 .kb-slide-item .kb-gal-image-radius img{border-radius:0px 0px 0px 0px;;}<\/style><div class=\"kb-gallery-wrap-id-1715_237e75-59 alignnone wp-block-kadence-advancedgallery\"><ul class=\"kb-gallery-ul kb-gallery-non-static kb-gallery-type-masonry kb-masonry-init kb-gallery-id-1715_237e75-59 kb-gallery-caption-style-bottom-hover kb-gallery-filter-none kb-gallery-magnific-init\" data-image-filter=\"none\" data-item-selector=\".kadence-blocks-gallery-item\" data-lightbox-caption=\"false\" data-columns-xxl=\"2\" data-columns-xl=\"2\" data-columns-md=\"2\" data-columns-sm=\"2\" data-columns-xs=\"1\" data-columns-ss=\"1\"><li class=\"kadence-blocks-gallery-item\"><div class=\"kadence-blocks-gallery-item-inner\"><figure class=\"kb-gallery-figure kb-gallery-item-has-link kadence-blocks-gallery-item-hide-caption\"><a href=\"https:\/\/fima.ub.edu\/edl\/wp-content\/uploads\/2025\/10\/triptic-1.webp\" data-alt=\"triptic 1\" class=\"kb-gallery-item-link\"  ><div class=\"kb-gal-image-radius\" style=\"max-width:1024px;\"><div class=\"kb-gallery-image-contain kadence-blocks-gallery-intrinsic\" style=\"padding-bottom:71%;\"><img loading=\"lazy\" decoding=\"async\" src=\"https:\/\/fima.ub.edu\/edl\/wp-content\/uploads\/2025\/10\/triptic-1-1024x728.webp\" width=\"1024\" height=\"728\" alt=\"triptic 1\" data-full-image=\"https:\/\/fima.ub.edu\/edl\/wp-content\/uploads\/2025\/10\/triptic-1.webp\" data-light-image=\"https:\/\/fima.ub.edu\/edl\/wp-content\/uploads\/2025\/10\/triptic-1.webp\" data-id=\"1709\" class=\"wp-image-1709\" srcset=\"https:\/\/fima.ub.edu\/edl\/wp-content\/uploads\/2025\/10\/triptic-1-1024x728.webp 1024w, https:\/\/fima.ub.edu\/edl\/wp-content\/uploads\/2025\/10\/triptic-1-300x213.webp 300w, https:\/\/fima.ub.edu\/edl\/wp-content\/uploads\/2025\/10\/triptic-1-768x546.webp 768w, https:\/\/fima.ub.edu\/edl\/wp-content\/uploads\/2025\/10\/triptic-1.webp 1157w\" sizes=\"auto, (max-width: 1024px) 100vw, 1024px\" \/><\/div><\/div><\/a><\/figure><\/div><\/li><li class=\"kadence-blocks-gallery-item\"><div class=\"kadence-blocks-gallery-item-inner\"><figure class=\"kb-gallery-figure kb-gallery-item-has-link kadence-blocks-gallery-item-hide-caption\"><a href=\"https:\/\/fima.ub.edu\/edl\/wp-content\/uploads\/2025\/10\/triptic-2.webp\" data-alt=\"triptic 2\" class=\"kb-gallery-item-link\"  ><div class=\"kb-gal-image-radius\" style=\"max-width:1024px;\"><div class=\"kb-gallery-image-contain kadence-blocks-gallery-intrinsic\" style=\"padding-bottom:71%;\"><img loading=\"lazy\" decoding=\"async\" src=\"https:\/\/fima.ub.edu\/edl\/wp-content\/uploads\/2025\/10\/triptic-2-1024x728.webp\" width=\"1024\" height=\"728\" alt=\"triptic 2\" data-full-image=\"https:\/\/fima.ub.edu\/edl\/wp-content\/uploads\/2025\/10\/triptic-2.webp\" data-light-image=\"https:\/\/fima.ub.edu\/edl\/wp-content\/uploads\/2025\/10\/triptic-2.webp\" data-id=\"1710\" class=\"wp-image-1710\" srcset=\"https:\/\/fima.ub.edu\/edl\/wp-content\/uploads\/2025\/10\/triptic-2-1024x728.webp 1024w, https:\/\/fima.ub.edu\/edl\/wp-content\/uploads\/2025\/10\/triptic-2-300x213.webp 300w, https:\/\/fima.ub.edu\/edl\/wp-content\/uploads\/2025\/10\/triptic-2-768x546.webp 768w, https:\/\/fima.ub.edu\/edl\/wp-content\/uploads\/2025\/10\/triptic-2.webp 1151w\" sizes=\"auto, (max-width: 1024px) 100vw, 1024px\" \/><\/div><\/div><\/a><\/figure><\/div><\/li><\/ul><\/div><\/div><\/div>\n\n<\/div><\/div>","protected":false},"excerpt":{"rendered":"<p>El prop\u00f2sit del Blog de l&#8217;Escola de Llibreria \u00e9s donar a con\u00e8ixer l&#8217;exist\u00e8ncia d&#8217;aquesta plataforma&#8230;<\/p>\n","protected":false},"author":1,"featured_media":0,"parent":0,"menu_order":0,"comment_status":"closed","ping_status":"closed","template":"","meta":{"_acf_changed":false,"_seopress_robots_primary_cat":"","_seopress_titles_title":"","_seopress_titles_desc":"","_seopress_robots_index":"","inline_featured_image":false,"_kad_blocks_custom_css":"","_kad_blocks_head_custom_js":"","_kad_blocks_body_custom_js":"","_kad_blocks_footer_custom_js":"","_kad_post_transparent":"","_kad_post_title":"","_kad_post_layout":"","_kad_post_sidebar_id":"","_kad_post_content_style":"","_kad_post_vertical_padding":"","_kad_post_feature":"","_kad_post_feature_position":"","_kad_post_header":false,"_kad_post_footer":false,"_kad_post_classname":"","footnotes":""},"class_list":["post-1715","page","type-page","status-publish","hentry"],"acf":[],"taxonomy_info":[],"featured_image_src_large":false,"author_info":{"display_name":"jordi","author_link":"https:\/\/fima.ub.edu\/edl\/author\/jordi\/"},"comment_info":"","_links":{"self":[{"href":"https:\/\/fima.ub.edu\/edl\/wp-json\/wp\/v2\/pages\/1715","targetHints":{"allow":["GET"]}}],"collection":[{"href":"https:\/\/fima.ub.edu\/edl\/wp-json\/wp\/v2\/pages"}],"about":[{"href":"https:\/\/fima.ub.edu\/edl\/wp-json\/wp\/v2\/types\/page"}],"author":[{"embeddable":true,"href":"https:\/\/fima.ub.edu\/edl\/wp-json\/wp\/v2\/users\/1"}],"replies":[{"embeddable":true,"href":"https:\/\/fima.ub.edu\/edl\/wp-json\/wp\/v2\/comments?post=1715"}],"version-history":[{"count":3,"href":"https:\/\/fima.ub.edu\/edl\/wp-json\/wp\/v2\/pages\/1715\/revisions"}],"predecessor-version":[{"id":5418,"href":"https:\/\/fima.ub.edu\/edl\/wp-json\/wp\/v2\/pages\/1715\/revisions\/5418"}],"wp:attachment":[{"href":"https:\/\/fima.ub.edu\/edl\/wp-json\/wp\/v2\/media?parent=1715"}],"curies":[{"name":"wp","href":"https:\/\/api.w.org\/{rel}","templated":true}]}}