{"id":1733,"date":"2025-10-13T11:37:31","date_gmt":"2025-10-13T09:37:31","guid":{"rendered":"https:\/\/ub.mmkt.dev\/?page_id=1733"},"modified":"2025-10-13T11:37:44","modified_gmt":"2025-10-13T09:37:44","slug":"perfils-i-requisits-dacces","status":"publish","type":"page","link":"https:\/\/fima.ub.edu\/edl\/lescola\/perfils-i-requisits-dacces\/","title":{"rendered":"Perfils i requisits d&#8217;acc\u00e9s"},"content":{"rendered":"<style>.kb-row-layout-id1733_454bc5-e2 > .kt-row-column-wrap{align-content:start;}:where(.kb-row-layout-id1733_454bc5-e2 > .kt-row-column-wrap) > .wp-block-kadence-column{justify-content:start;}.kb-row-layout-id1733_454bc5-e2 > .kt-row-column-wrap{column-gap:var(--global-kb-gap-md, 2rem);row-gap:var(--global-kb-gap-md, 2rem);padding-top:var(--global-kb-spacing-lg, 3rem);padding-bottom:var(--global-kb-spacing-lg, 3rem);grid-template-columns:minmax(0, 1fr);}.kb-row-layout-id1733_454bc5-e2 > .kt-row-layout-overlay{opacity:0.30;}@media all and (max-width: 1024px){.kb-row-layout-id1733_454bc5-e2 > .kt-row-column-wrap{grid-template-columns:minmax(0, 1fr);}}@media all and (max-width: 767px){.kb-row-layout-id1733_454bc5-e2 > .kt-row-column-wrap{grid-template-columns:minmax(0, 1fr);}}<\/style><div class=\"kb-row-layout-wrap kb-row-layout-id1733_454bc5-e2 alignnone wp-block-kadence-rowlayout\"><div class=\"kt-row-column-wrap kt-has-1-columns kt-row-layout-equal kt-tab-layout-inherit kt-mobile-layout-row kt-row-valign-top\">\n<style>.kadence-column1733_494a11-73 > .kt-inside-inner-col,.kadence-column1733_494a11-73 > .kt-inside-inner-col:before{border-top-left-radius:0px;border-top-right-radius:0px;border-bottom-right-radius:0px;border-bottom-left-radius:0px;}.kadence-column1733_494a11-73 > .kt-inside-inner-col{column-gap:var(--global-kb-gap-sm, 1rem);}.kadence-column1733_494a11-73 > .kt-inside-inner-col{flex-direction:column;}.kadence-column1733_494a11-73 > .kt-inside-inner-col > .aligncenter{width:100%;}.kadence-column1733_494a11-73 > .kt-inside-inner-col:before{opacity:0.3;}.kadence-column1733_494a11-73{position:relative;}@media all and (max-width: 1024px){.kadence-column1733_494a11-73 > .kt-inside-inner-col{flex-direction:column;justify-content:center;}}@media all and (max-width: 767px){.kadence-column1733_494a11-73 > .kt-inside-inner-col{flex-direction:column;justify-content:center;}}<\/style>\n<div class=\"wp-block-kadence-column kadence-column1733_494a11-73\"><div class=\"kt-inside-inner-col\">\n<h3 class=\"wp-block-heading\">Perfil d\u2019acc\u00e9s<\/h3>\n\n\n\n<p>Per a l\u2019admissi\u00f3 dels estudiants tindran prefer\u00e8ncia aquells que:<\/p>\n\n\n\n<ul class=\"wp-block-list\">\n<li>Estiguin treballant, hagin treballat o tinguin la intenci\u00f3 d\u2019incorporar-se professionalment en el negoci de la llibreria.<\/li>\n\n\n\n<li>Es matriculin al curs complet: aquest postgrau t\u00e9 una estructura modular, articulada en sis m\u00f2duls m\u00e9s unes pr\u00e0ctiques professionals en llibreries.<\/li>\n<\/ul>\n\n\n\n<p>Tamb\u00e9 es valorar\u00e0 que els candidats tinguin coneixements i habilitats relacionades amb el m\u00f3n de l\u2019edici\u00f3, el llibre, la informaci\u00f3 i les biblioteques, acreditats mitjan\u00e7ant la pr\u00e0ctica professional i la formaci\u00f3 universit\u00e0ria o no. Aix\u00ed mateix es tindr\u00e0 en compte la nota mitjana de l\u2019expedient acad\u00e8mic i el curr\u00edculum.<\/p>\n\n\n\n<p>El diploma de postgrau nom\u00e9s s\u2019atorgar\u00e0 a les persones que hagin superat la totalitat dels m\u00f2duls.<\/p>\n\n\n\n<h3 class=\"wp-block-heading\">Requisits generals<\/h3>\n\n\n\n<p>Per accedir al diploma de postgrau es necessita ser titulat universitari (graduat, llicenciat, enginyer superior, arquitecte, diplomat, enginyer t\u00e8cnic o arquitecte t\u00e8cnic), per\u00f2 hi ha dues excepcions:<\/p>\n\n\n\n<ol class=\"wp-block-list\">\n<li>a. Es preveu la possibilitat que hi accedeixin persones sense titulaci\u00f3 que, per la seva traject\u00f2ria professional o personal, es consideri que estan en condicions de seguir els cursos. En aquest cas, el t\u00edtol que obtindran aquests estudiants ser\u00e0 d\u2019extensi\u00f3 universit\u00e0ria.<\/li>\n\n\n\n<li>b. Es permet la matr\u00edcula condicional d\u2019alumnes que cursen estudis superiors dins del sistema educatiu de l\u2019Estat espanyol i que els manca menys d\u2019un 10 % dels cr\u00e8dits per obtenir un t\u00edtol universitari. Aquests alumnes hauran de tenir el t\u00edtol quan finalitzi el postgrau, en cas contrari obtindran un diploma d\u2019extensi\u00f3 universit\u00e0ria.<\/li>\n<\/ol>\n\n\n\n<h3 class=\"wp-block-heading\">Requisits espec\u00edfics<\/h3>\n\n\n\n<p>En el proc\u00e9s de selecci\u00f3 es duen a terme entrevistes amb els alumnes preinscrits per tal de valorar la idone\u00eftat dels candidats.<\/p>\n<\/div><\/div>\n\n<\/div><\/div>","protected":false},"excerpt":{"rendered":"<p>Perfil d\u2019acc\u00e9s Per a l\u2019admissi\u00f3 dels estudiants tindran prefer\u00e8ncia aquells que: Tamb\u00e9 es valorar\u00e0 que&#8230;<\/p>\n","protected":false},"author":1,"featured_media":0,"parent":11,"menu_order":0,"comment_status":"closed","ping_status":"closed","template":"","meta":{"_acf_changed":false,"_seopress_robots_primary_cat":"","_seopress_titles_title":"","_seopress_titles_desc":"","_seopress_robots_index":"","inline_featured_image":false,"_kad_blocks_custom_css":"","_kad_blocks_head_custom_js":"","_kad_blocks_body_custom_js":"","_kad_blocks_footer_custom_js":"","_kad_post_transparent":"","_kad_post_title":"","_kad_post_layout":"","_kad_post_sidebar_id":"","_kad_post_content_style":"","_kad_post_vertical_padding":"","_kad_post_feature":"","_kad_post_feature_position":"","_kad_post_header":false,"_kad_post_footer":false,"_kad_post_classname":"","footnotes":""},"class_list":["post-1733","page","type-page","status-publish","hentry"],"acf":[],"taxonomy_info":[],"featured_image_src_large":false,"author_info":{"display_name":"jordi","author_link":"https:\/\/fima.ub.edu\/edl\/author\/jordi\/"},"comment_info":"","_links":{"self":[{"href":"https:\/\/fima.ub.edu\/edl\/wp-json\/wp\/v2\/pages\/1733","targetHints":{"allow":["GET"]}}],"collection":[{"href":"https:\/\/fima.ub.edu\/edl\/wp-json\/wp\/v2\/pages"}],"about":[{"href":"https:\/\/fima.ub.edu\/edl\/wp-json\/wp\/v2\/types\/page"}],"author":[{"embeddable":true,"href":"https:\/\/fima.ub.edu\/edl\/wp-json\/wp\/v2\/users\/1"}],"replies":[{"embeddable":true,"href":"https:\/\/fima.ub.edu\/edl\/wp-json\/wp\/v2\/comments?post=1733"}],"version-history":[{"count":1,"href":"https:\/\/fima.ub.edu\/edl\/wp-json\/wp\/v2\/pages\/1733\/revisions"}],"predecessor-version":[{"id":1736,"href":"https:\/\/fima.ub.edu\/edl\/wp-json\/wp\/v2\/pages\/1733\/revisions\/1736"}],"up":[{"embeddable":true,"href":"https:\/\/fima.ub.edu\/edl\/wp-json\/wp\/v2\/pages\/11"}],"wp:attachment":[{"href":"https:\/\/fima.ub.edu\/edl\/wp-json\/wp\/v2\/media?parent=1733"}],"curies":[{"name":"wp","href":"https:\/\/api.w.org\/{rel}","templated":true}]}}