{"id":1737,"date":"2025-10-13T11:38:23","date_gmt":"2025-10-13T09:38:23","guid":{"rendered":"https:\/\/ub.mmkt.dev\/?page_id=1737"},"modified":"2025-10-13T11:38:44","modified_gmt":"2025-10-13T09:38:44","slug":"pla-destudis","status":"publish","type":"page","link":"https:\/\/fima.ub.edu\/edl\/lescola\/pla-destudis\/","title":{"rendered":"Pla d&#8217;estudis"},"content":{"rendered":"<style>.kb-row-layout-id1737_8d7809-6f > .kt-row-column-wrap{align-content:start;}:where(.kb-row-layout-id1737_8d7809-6f > .kt-row-column-wrap) > .wp-block-kadence-column{justify-content:start;}.kb-row-layout-id1737_8d7809-6f > .kt-row-column-wrap{column-gap:var(--global-kb-gap-md, 2rem);row-gap:var(--global-kb-gap-md, 2rem);padding-top:var(--global-kb-spacing-lg, 3rem);padding-bottom:var(--global-kb-spacing-lg, 3rem);grid-template-columns:minmax(0, 1fr);}.kb-row-layout-id1737_8d7809-6f > .kt-row-layout-overlay{opacity:0.30;}@media all and (max-width: 1024px){.kb-row-layout-id1737_8d7809-6f > .kt-row-column-wrap{grid-template-columns:minmax(0, 1fr);}}@media all and (max-width: 767px){.kb-row-layout-id1737_8d7809-6f > .kt-row-column-wrap{grid-template-columns:minmax(0, 1fr);}}<\/style><div class=\"kb-row-layout-wrap kb-row-layout-id1737_8d7809-6f alignnone wp-block-kadence-rowlayout\"><div class=\"kt-row-column-wrap kt-has-1-columns kt-row-layout-equal kt-tab-layout-inherit kt-mobile-layout-row kt-row-valign-top\">\n<style>.kadence-column1737_e497e1-9b > .kt-inside-inner-col,.kadence-column1737_e497e1-9b > .kt-inside-inner-col:before{border-top-left-radius:0px;border-top-right-radius:0px;border-bottom-right-radius:0px;border-bottom-left-radius:0px;}.kadence-column1737_e497e1-9b > .kt-inside-inner-col{column-gap:var(--global-kb-gap-sm, 1rem);}.kadence-column1737_e497e1-9b > .kt-inside-inner-col{flex-direction:column;}.kadence-column1737_e497e1-9b > .kt-inside-inner-col > .aligncenter{width:100%;}.kadence-column1737_e497e1-9b > .kt-inside-inner-col:before{opacity:0.3;}.kadence-column1737_e497e1-9b{position:relative;}@media all and (max-width: 1024px){.kadence-column1737_e497e1-9b > .kt-inside-inner-col{flex-direction:column;justify-content:center;}}@media all and (max-width: 767px){.kadence-column1737_e497e1-9b > .kt-inside-inner-col{flex-direction:column;justify-content:center;}}<\/style>\n<div class=\"wp-block-kadence-column kadence-column1737_e497e1-9b\"><div class=\"kt-inside-inner-col\">\n<h3 class=\"wp-block-heading\">Durada dels estudis<\/h3>\n\n\n\n<p><strong>Total de cr\u00e8dits<\/strong>: 30 cr\u00e8dits ECTS<br>Cada cr\u00e8dit ECTS suposa una dedicaci\u00f3 de 25 hores de treball per a l&#8217;alumne, de les quals aproximadament una tercera part s\u00f3n hores de classe presencial i la resta \u00e9s feina dirigida i aut\u00f2noma que cal fer fora dels horaris de classe establerts.<\/p>\n\n\n\n<h3 class=\"wp-block-heading\">Itinerari dels estudis<\/h3>\n\n\n\n<p><strong>1r semestre<\/strong><\/p>\n\n\n\n<ul class=\"wp-block-list\">\n<li>Marc legal del llibre<\/li>\n\n\n\n<li>El llibre, aspectes tecnol\u00f2gics: producci\u00f3 i distribuci\u00f3. De la impremta a l&#8217;edici\u00f3 digital<\/li>\n\n\n\n<li>El sector de la llibreria: tipus de negocis de llibreria<\/li>\n\n\n\n<li>Recursos d&#8217;informaci\u00f3 bibliogr\u00e0fica general i especialitzada<\/li>\n<\/ul>\n\n\n\n<p><strong>2n semestre<\/strong><\/p>\n\n\n\n<ul class=\"wp-block-list\">\n<li>La gesti\u00f3 de la llibreria: el fons i la seva presentaci\u00f3<\/li>\n\n\n\n<li>Gestionar efica\u00e7ment i econ\u00f2micament el fons<\/li>\n\n\n\n<li>Atenci\u00f3 i tracte al client<\/li>\n\n\n\n<li>Gesti\u00f3 de visibilitat a la xarxa, xarxes socials<\/li>\n\n\n\n<li>Administraci\u00f3 i comptabilitat aplicades a la llibreria<\/li>\n\n\n\n<li>Pla de m\u00e0rqueting aplicat a la llibreria<\/li>\n\n\n\n<li>Pr\u00e0ctiques en llibreries<\/li>\n<\/ul>\n\n\n\n<p>L\u2019assignatura de&nbsp;<strong>Pr\u00e0ctiques&nbsp;<\/strong>consisteix en una estada de 100 hores en una empresa o instituci\u00f3 que dugui a terme activitats relatives al negoci de llibreria (llibreries generalistes, especialitzades, de grans superf\u00edcies&#8230;). L&#8217;Escola de Llibreria t\u00e9 convenis subscrits que li permeten oferir una \u00e0mplia varietat de possibles llocs d\u2019estada. L\u2019oferta de places s\u2019actualitza cada curs i els alumnes en s\u00f3n informats amb antelaci\u00f3. Durant les pr\u00e0ctiques els alumnes compten amb un tutor acad\u00e8mic del postgrau i amb un tutor professional al centre on es fa l\u2019estada; tots dos s\u2019encarreguen d\u2019organitzar les seves activitats, fer-ne el seguiment i cooperar en l\u2019avaluaci\u00f3 dels resultats. Per poder portar a terme les Pr\u00e0ctiques cal haver assistit com a m\u00ednim al 80 % de les classes te\u00f2riques.<\/p>\n\n\n\n<h3 class=\"wp-block-heading\">Calendari de doc\u00e8ncia i pr\u00e0ctiques del Postgrau de Llibreria<\/h3>\n\n\n\n<p><strong>Doc\u00e8ncia<\/strong>: La pr\u00f2xima edici\u00f3 del postgrau de Llibreria est\u00e0 previst que comenci el setembre de 2025. Les classes tindran lloc de setembre a abril.<br><strong>Pr\u00e0ctiques<\/strong>: Entre abril i juny de 2024.<br><strong>Horari de classes<\/strong>: Les classes tenen lloc els dilluns i els dimecres, de 16 h a 20 h.<\/p>\n<\/div><\/div>\n\n<\/div><\/div>","protected":false},"excerpt":{"rendered":"<p>Durada dels estudis Total de cr\u00e8dits: 30 cr\u00e8dits ECTSCada cr\u00e8dit ECTS suposa una dedicaci\u00f3 de&#8230;<\/p>\n","protected":false},"author":1,"featured_media":0,"parent":11,"menu_order":0,"comment_status":"closed","ping_status":"closed","template":"","meta":{"_acf_changed":false,"_seopress_robots_primary_cat":"","_seopress_titles_title":"","_seopress_titles_desc":"","_seopress_robots_index":"","inline_featured_image":false,"_kad_blocks_custom_css":"","_kad_blocks_head_custom_js":"","_kad_blocks_body_custom_js":"","_kad_blocks_footer_custom_js":"","_kad_post_transparent":"","_kad_post_title":"","_kad_post_layout":"","_kad_post_sidebar_id":"","_kad_post_content_style":"","_kad_post_vertical_padding":"","_kad_post_feature":"","_kad_post_feature_position":"","_kad_post_header":false,"_kad_post_footer":false,"_kad_post_classname":"","footnotes":""},"class_list":["post-1737","page","type-page","status-publish","hentry"],"acf":[],"taxonomy_info":[],"featured_image_src_large":false,"author_info":{"display_name":"jordi","author_link":"https:\/\/fima.ub.edu\/edl\/author\/jordi\/"},"comment_info":"","_links":{"self":[{"href":"https:\/\/fima.ub.edu\/edl\/wp-json\/wp\/v2\/pages\/1737","targetHints":{"allow":["GET"]}}],"collection":[{"href":"https:\/\/fima.ub.edu\/edl\/wp-json\/wp\/v2\/pages"}],"about":[{"href":"https:\/\/fima.ub.edu\/edl\/wp-json\/wp\/v2\/types\/page"}],"author":[{"embeddable":true,"href":"https:\/\/fima.ub.edu\/edl\/wp-json\/wp\/v2\/users\/1"}],"replies":[{"embeddable":true,"href":"https:\/\/fima.ub.edu\/edl\/wp-json\/wp\/v2\/comments?post=1737"}],"version-history":[{"count":1,"href":"https:\/\/fima.ub.edu\/edl\/wp-json\/wp\/v2\/pages\/1737\/revisions"}],"predecessor-version":[{"id":1740,"href":"https:\/\/fima.ub.edu\/edl\/wp-json\/wp\/v2\/pages\/1737\/revisions\/1740"}],"up":[{"embeddable":true,"href":"https:\/\/fima.ub.edu\/edl\/wp-json\/wp\/v2\/pages\/11"}],"wp:attachment":[{"href":"https:\/\/fima.ub.edu\/edl\/wp-json\/wp\/v2\/media?parent=1737"}],"curies":[{"name":"wp","href":"https:\/\/api.w.org\/{rel}","templated":true}]}}