{"id":2,"date":"2025-10-08T15:46:53","date_gmt":"2025-10-08T15:46:53","guid":{"rendered":"https:\/\/ub.mmkt.dev\/?page_id=2"},"modified":"2025-10-10T18:15:28","modified_gmt":"2025-10-10T16:15:28","slug":"presentacio","status":"publish","type":"page","link":"https:\/\/fima.ub.edu\/edl\/lescola\/presentacio\/","title":{"rendered":"Presentaci\u00f3"},"content":{"rendered":"<style>.kb-row-layout-id2_6de252-65 > .kt-row-column-wrap{align-content:start;}:where(.kb-row-layout-id2_6de252-65 > .kt-row-column-wrap) > .wp-block-kadence-column{justify-content:start;}.kb-row-layout-id2_6de252-65 > .kt-row-column-wrap{column-gap:var(--global-kb-gap-md, 2rem);row-gap:var(--global-kb-gap-md, 2rem);padding-top:var(--global-kb-spacing-lg, 3rem);padding-bottom:var(--global-kb-spacing-lg, 3rem);grid-template-columns:minmax(0, 1fr);}.kb-row-layout-id2_6de252-65 > .kt-row-layout-overlay{opacity:0.30;}@media all and (max-width: 1024px){.kb-row-layout-id2_6de252-65 > .kt-row-column-wrap{grid-template-columns:minmax(0, 1fr);}}@media all and (max-width: 767px){.kb-row-layout-id2_6de252-65 > .kt-row-column-wrap{grid-template-columns:minmax(0, 1fr);}}<\/style><div class=\"kb-row-layout-wrap kb-row-layout-id2_6de252-65 alignnone wp-block-kadence-rowlayout\"><div class=\"kt-row-column-wrap kt-has-1-columns kt-row-layout-equal kt-tab-layout-inherit kt-mobile-layout-row kt-row-valign-top\">\n<style>.kadence-column2_4facca-90 > .kt-inside-inner-col,.kadence-column2_4facca-90 > .kt-inside-inner-col:before{border-top-left-radius:0px;border-top-right-radius:0px;border-bottom-right-radius:0px;border-bottom-left-radius:0px;}.kadence-column2_4facca-90 > .kt-inside-inner-col{column-gap:var(--global-kb-gap-sm, 1rem);}.kadence-column2_4facca-90 > .kt-inside-inner-col{flex-direction:column;}.kadence-column2_4facca-90 > .kt-inside-inner-col > .aligncenter{width:100%;}.kadence-column2_4facca-90 > .kt-inside-inner-col:before{opacity:0.3;}.kadence-column2_4facca-90{position:relative;}@media all and (max-width: 1024px){.kadence-column2_4facca-90 > .kt-inside-inner-col{flex-direction:column;justify-content:center;}}@media all and (max-width: 767px){.kadence-column2_4facca-90 > .kt-inside-inner-col{flex-direction:column;justify-content:center;}}<\/style>\n<div class=\"wp-block-kadence-column kadence-column2_4facca-90\"><div class=\"kt-inside-inner-col\">\n<p>El&nbsp;<a href=\"https:\/\/gremidellibreters.cat\/\" target=\"_blank\" rel=\"noreferrer noopener\">Gremi de Llibreters de Catalunya<\/a>&nbsp;i la&nbsp;<a href=\"https:\/\/web.ub.edu\/ca\/web\/facultat-informacio-mitjans-audiovisuals\" target=\"_blank\" rel=\"noreferrer noopener\">Facultat d\u2019Informaci\u00f3 i Mitjans Audiovisuals<\/a>&nbsp;de la Universitat de Barcelona col\u00b7laboren en l\u2019elaboraci\u00f3 d\u2019una s\u00e8rie de propostes formatives i de capacitaci\u00f3 adre\u00e7ades a llibreters en actiu i a totes aquelles persones que volen dedicar-se professionalment al m\u00f3n de la llibreria. El primer pas d\u2019aquesta col\u00b7laboraci\u00f3 va ser la creaci\u00f3 de l\u2019Escola de Llibreria mitjan\u00e7ant un conveni signat entre el rector de la Universitat de Barcelona i el president del Gremi de Llibreters de Catalunya el 14 de maig de 2012. Aquesta formaci\u00f3 es programa cada dos cursos. Des del curs 2020-21, tamb\u00e9 s\u2019ofereix biennalment el t\u00edtol de diploma d\u2019expert en Gesti\u00f3 de Llibreria, una formaci\u00f3 especialitzada destinada a persones amb experi\u00e8ncia al m\u00f3n de la llibreria.<\/p>\n\n\n\n<h2 class=\"wp-block-heading\">Diploma d\u2019especialitzaci\u00f3 en Llibreria<\/h2>\n\n\n\n<p>L\u2019Escola de Llibreria proposa, com a primera iniciativa formativa, el diploma de postgrau de Llibreria, que s\u2019adre\u00e7a a qualsevol persona amb titulaci\u00f3 universit\u00e0ria i a totes aquelles persones que, independentment de la seva formaci\u00f3 inicial, tinguin un inter\u00e8s professional en l\u2019\u00e0mbit de la llibreria.<\/p>\n\n\n\n<p>Aquesta proposta de postgrau, la primera de l\u2019Estat espanyol amb intenci\u00f3 de continu\u00eftat i fruit de la relaci\u00f3 empresa-universitat, \u00e9s possible gr\u00e0cies al Programa Llibreria Activa de l\u2019ICEC (Institut Catal\u00e0 de les Empreses Culturals) del Departament de Cultura de la Generalitat de Catalunya.<br><br><strong>Tr\u00edptic postgrau&nbsp;<\/strong><a href=\"https:\/\/fima.ub.edu\/edl\/wp-content\/presentacio_EdL\/Triptic%20postgrau%20llibreria%202025.pdf\" target=\"_blank\" rel=\"noreferrer noopener\"><strong>[fitxer adjunt]<\/strong><\/a><\/p>\n\n\n\n<p>El diploma ofereix coneixements relacionats amb el negoci de la llibreria, el marc legal, administratiu i comptable, els aspectes tecnol\u00f2gics de la producci\u00f3, la distribuci\u00f3 i el circuit del llibre (impr\u00e8s i digital), el sector econ\u00f2mic i les estrat\u00e8gies empresarials i de m\u00e0rqueting, la gesti\u00f3 de la llibreria quant al fons, la presentaci\u00f3 i l\u2019atenci\u00f3 al client, aix\u00ed com tots els recursos d\u2019informaci\u00f3 i localitzaci\u00f3 bibliogr\u00e0fica. En definitiva, el diploma pret\u00e9n dotar l\u2019alumnat dels coneixements i les capacitats per a la incorporaci\u00f3 laboral en tota mena de negocis de llibreria.<\/p>\n\n\n\n<h2 class=\"wp-block-heading\">Dades b\u00e0siques<\/h2>\n\n\n\n<p>Els responsables d\u2019aquest blog s\u00f3n:<\/p>\n\n\n<style>.wp-block-kadence-iconlist.kt-svg-icon-list-items2_147640-8f:not(.this-stops-third-party-issues){margin-top:0px;margin-bottom:0px;}.wp-block-kadence-iconlist.kt-svg-icon-list-items2_147640-8f ul.kt-svg-icon-list:not(.this-prevents-issues):not(.this-stops-third-party-issues):not(.tijsloc){margin-top:0px;margin-right:0px;margin-bottom:var(--global-kb-spacing-sm, 1.5rem);margin-left:0px;}.wp-block-kadence-iconlist.kt-svg-icon-list-items2_147640-8f ul.kt-svg-icon-list{grid-row-gap:5px;}.wp-block-kadence-iconlist.kt-svg-icon-list-items2_147640-8f .kb-svg-icon-wrap{color:var(--global-palette1, #3182CE);}.wp-block-kadence-iconlist.kt-svg-icon-list-items2_147640-8f ul.kt-svg-icon-list .kt-svg-icon-list-item-wrap .kt-svg-icon-list-single{margin-right:10px;}.kt-svg-icon-list-items2_147640-8f ul.kt-svg-icon-list .kt-svg-icon-list-level-0 .kt-svg-icon-list-single svg{font-size:20px;}<\/style>\n<div class=\"wp-block-kadence-iconlist kt-svg-icon-list-items kt-svg-icon-list-items2_147640-8f kt-svg-icon-list-columns-1 alignnone\"><ul class=\"kt-svg-icon-list\"><style>.kt-svg-icon-list-item-2_9a7940-af .kt-svg-icon-list-text mark.kt-highlight{background-color:unset;font-style:normal;color:#f76a0c;-webkit-box-decoration-break:clone;box-decoration-break:clone;padding-top:0px;padding-right:0px;padding-bottom:0px;padding-left:0px;}<\/style>\n<li class=\"wp-block-kadence-listitem kt-svg-icon-list-item-wrap kt-svg-icon-list-item-2_9a7940-af\"><span class=\"kb-svg-icon-wrap kb-svg-icon-fe_checkCircle kt-svg-icon-list-single\"><svg viewBox=\"0 0 24 24\"  fill=\"none\" stroke=\"currentColor\" stroke-width=\"2\" stroke-linecap=\"round\" stroke-linejoin=\"round\" xmlns=\"http:\/\/www.w3.org\/2000\/svg\"  aria-hidden=\"true\"><path d=\"M22 11.08V12a10 10 0 1 1-5.93-9.14\"\/><polyline points=\"22 4 12 14.01 9 11.01\"\/><\/svg><\/span><span class=\"kt-svg-icon-list-text\">Llu\u00eds Agust\u00ed&nbsp;<a href=\"mailto:agusti@ub.edu\">agusti@ub.edu<\/a>&nbsp; Tf. 934 035 782<\/span><\/li>\n\n\n<style>.kt-svg-icon-list-item-2_1eceba-b1 .kt-svg-icon-list-text mark.kt-highlight{background-color:unset;font-style:normal;color:#f76a0c;-webkit-box-decoration-break:clone;box-decoration-break:clone;padding-top:0px;padding-right:0px;padding-bottom:0px;padding-left:0px;}<\/style>\n<li class=\"wp-block-kadence-listitem kt-svg-icon-list-item-wrap kt-svg-icon-list-item-2_1eceba-b1\"><span class=\"kb-svg-icon-wrap kb-svg-icon-fe_checkCircle kt-svg-icon-list-single\"><svg viewBox=\"0 0 24 24\"  fill=\"none\" stroke=\"currentColor\" stroke-width=\"2\" stroke-linecap=\"round\" stroke-linejoin=\"round\" xmlns=\"http:\/\/www.w3.org\/2000\/svg\"  aria-hidden=\"true\"><path d=\"M22 11.08V12a10 10 0 1 1-5.93-9.14\"\/><polyline points=\"22 4 12 14.01 9 11.01\"\/><\/svg><\/span><span class=\"kt-svg-icon-list-text\">Amadeu Pons&nbsp;<a href=\"mailto:pons@ub.edu\">pons@ub.edu<\/a>&nbsp;Tf. 934 035 782<\/span><\/li>\n\n\n<style>.kt-svg-icon-list-item-2_03991b-46 .kt-svg-icon-list-text mark.kt-highlight{background-color:unset;font-style:normal;color:#f76a0c;-webkit-box-decoration-break:clone;box-decoration-break:clone;padding-top:0px;padding-right:0px;padding-bottom:0px;padding-left:0px;}<\/style>\n<li class=\"wp-block-kadence-listitem kt-svg-icon-list-item-wrap kt-svg-icon-list-item-2_03991b-46\"><span class=\"kb-svg-icon-wrap kb-svg-icon-fe_checkCircle kt-svg-icon-list-single\"><svg viewBox=\"0 0 24 24\"  fill=\"none\" stroke=\"currentColor\" stroke-width=\"2\" stroke-linecap=\"round\" stroke-linejoin=\"round\" xmlns=\"http:\/\/www.w3.org\/2000\/svg\"  aria-hidden=\"true\"><path d=\"M22 11.08V12a10 10 0 1 1-5.93-9.14\"\/><polyline points=\"22 4 12 14.01 9 11.01\"\/><\/svg><\/span><span class=\"kt-svg-icon-list-text\">Col\u00b7laboradors:&nbsp;<a href=\"mailto:marcelalbet@yahoo.com\">Marcel Albet<\/a>&nbsp;&nbsp;i&nbsp;<a href=\"mailto:nuvibo@gmail.com\">N\u00faria Vila<\/a>&nbsp;<\/span><\/li>\n\n\n<style>.kt-svg-icon-list-item-2_4f092f-0c .kt-svg-icon-list-text mark.kt-highlight{background-color:unset;font-style:normal;color:#f76a0c;-webkit-box-decoration-break:clone;box-decoration-break:clone;padding-top:0px;padding-right:0px;padding-bottom:0px;padding-left:0px;}<\/style>\n<li class=\"wp-block-kadence-listitem kt-svg-icon-list-item-wrap kt-svg-icon-list-item-2_4f092f-0c\"><span class=\"kb-svg-icon-wrap kb-svg-icon-fe_checkCircle kt-svg-icon-list-single\"><svg viewBox=\"0 0 24 24\"  fill=\"none\" stroke=\"currentColor\" stroke-width=\"2\" stroke-linecap=\"round\" stroke-linejoin=\"round\" xmlns=\"http:\/\/www.w3.org\/2000\/svg\"  aria-hidden=\"true\"><path d=\"M22 11.08V12a10 10 0 1 1-5.93-9.14\"\/><polyline points=\"22 4 12 14.01 9 11.01\"\/><\/svg><\/span><span class=\"kt-svg-icon-list-text\">Desenvolupament tecnol\u00f2gic:&nbsp;<a href=\"https:\/\/fima.ub.edu\/pub\/rzgairin\/bienvenido\" target=\"_blank\" rel=\"noreferrer noopener\">Josep-Manuel Rodr\u00edguez-Gair\u00edn<\/a><\/span><\/li>\n<\/ul><\/div>\n\n\n\n<p><a href=\"https:\/\/fima.ub.edu\/edl\/\" target=\"_blank\" rel=\"noreferrer noopener\">Blog de l\u2019Escola de Llibreria<\/a>&nbsp;<br><a href=\"https:\/\/bsky.app\/profile\/edl-ub.bsky.social\" target=\"_blank\" rel=\"noreferrer noopener\">Bluesky de l\u2019Escola de Llibreria<\/a><\/p>\n\n\n<style>.wp-block-kadence-iconlist.kt-svg-icon-list-items2_f33183-4a:not(.this-stops-third-party-issues){margin-top:0px;margin-bottom:0px;}.wp-block-kadence-iconlist.kt-svg-icon-list-items2_f33183-4a ul.kt-svg-icon-list:not(.this-prevents-issues):not(.this-stops-third-party-issues):not(.tijsloc){margin-top:0px;margin-right:0px;margin-bottom:var(--global-kb-spacing-sm, 1.5rem);margin-left:0px;}.wp-block-kadence-iconlist.kt-svg-icon-list-items2_f33183-4a ul.kt-svg-icon-list{grid-row-gap:5px;}.wp-block-kadence-iconlist.kt-svg-icon-list-items2_f33183-4a .kb-svg-icon-wrap{color:var(--global-palette1, #3182CE);}.wp-block-kadence-iconlist.kt-svg-icon-list-items2_f33183-4a ul.kt-svg-icon-list .kt-svg-icon-list-item-wrap .kt-svg-icon-list-single{margin-right:10px;}.kt-svg-icon-list-items2_f33183-4a ul.kt-svg-icon-list .kt-svg-icon-list-level-0 .kt-svg-icon-list-single svg{font-size:20px;}<\/style>\n<div class=\"wp-block-kadence-iconlist kt-svg-icon-list-items kt-svg-icon-list-items2_f33183-4a kt-svg-icon-list-columns-1 alignnone\"><ul class=\"kt-svg-icon-list\"><style>.kt-svg-icon-list-item-2_0665a6-57 .kt-svg-icon-list-text mark.kt-highlight{background-color:unset;font-style:normal;color:#f76a0c;-webkit-box-decoration-break:clone;box-decoration-break:clone;padding-top:0px;padding-right:0px;padding-bottom:0px;padding-left:0px;}<\/style>\n<li class=\"wp-block-kadence-listitem kt-svg-icon-list-item-wrap kt-svg-icon-list-item-2_0665a6-57\"><span class=\"kb-svg-icon-wrap kb-svg-icon-fe_checkCircle kt-svg-icon-list-single\"><svg viewBox=\"0 0 24 24\"  fill=\"none\" stroke=\"currentColor\" stroke-width=\"2\" stroke-linecap=\"round\" stroke-linejoin=\"round\" xmlns=\"http:\/\/www.w3.org\/2000\/svg\"  aria-hidden=\"true\"><path d=\"M22 11.08V12a10 10 0 1 1-5.93-9.14\"\/><polyline points=\"22 4 12 14.01 9 11.01\"\/><\/svg><\/span><span class=\"kt-svg-icon-list-text\">Centre de gesti\u00f3: Facultat d\u2019Informaci\u00f3 i Mitjans Audiovisuals<\/span><\/li>\n\n\n<style>.kt-svg-icon-list-item-2_03dee9-42 .kt-svg-icon-list-text mark.kt-highlight{background-color:unset;font-style:normal;color:#f76a0c;-webkit-box-decoration-break:clone;box-decoration-break:clone;padding-top:0px;padding-right:0px;padding-bottom:0px;padding-left:0px;}<\/style>\n<li class=\"wp-block-kadence-listitem kt-svg-icon-list-item-wrap kt-svg-icon-list-item-2_03dee9-42\"><span class=\"kb-svg-icon-wrap kb-svg-icon-fe_checkCircle kt-svg-icon-list-single\"><svg viewBox=\"0 0 24 24\"  fill=\"none\" stroke=\"currentColor\" stroke-width=\"2\" stroke-linecap=\"round\" stroke-linejoin=\"round\" xmlns=\"http:\/\/www.w3.org\/2000\/svg\"  aria-hidden=\"true\"><path d=\"M22 11.08V12a10 10 0 1 1-5.93-9.14\"\/><polyline points=\"22 4 12 14.01 9 11.01\"\/><\/svg><\/span><span class=\"kt-svg-icon-list-text\">Orientaci\u00f3\/especialitat: professionalitzadora<\/span><\/li>\n\n\n<style>.kt-svg-icon-list-item-2_ee1265-fc .kt-svg-icon-list-text mark.kt-highlight{background-color:unset;font-style:normal;color:#f76a0c;-webkit-box-decoration-break:clone;box-decoration-break:clone;padding-top:0px;padding-right:0px;padding-bottom:0px;padding-left:0px;}<\/style>\n<li class=\"wp-block-kadence-listitem kt-svg-icon-list-item-wrap kt-svg-icon-list-item-2_ee1265-fc\"><span class=\"kb-svg-icon-wrap kb-svg-icon-fe_checkCircle kt-svg-icon-list-single\"><svg viewBox=\"0 0 24 24\"  fill=\"none\" stroke=\"currentColor\" stroke-width=\"2\" stroke-linecap=\"round\" stroke-linejoin=\"round\" xmlns=\"http:\/\/www.w3.org\/2000\/svg\"  aria-hidden=\"true\"><path d=\"M22 11.08V12a10 10 0 1 1-5.93-9.14\"\/><polyline points=\"22 4 12 14.01 9 11.01\"\/><\/svg><\/span><span class=\"kt-svg-icon-list-text\">Modalitat: presencial<\/span><\/li>\n\n\n<style>.kt-svg-icon-list-item-2_167d45-65 .kt-svg-icon-list-text mark.kt-highlight{background-color:unset;font-style:normal;color:#f76a0c;-webkit-box-decoration-break:clone;box-decoration-break:clone;padding-top:0px;padding-right:0px;padding-bottom:0px;padding-left:0px;}<\/style>\n<li class=\"wp-block-kadence-listitem kt-svg-icon-list-item-wrap kt-svg-icon-list-item-2_167d45-65\"><span class=\"kb-svg-icon-wrap kb-svg-icon-fe_checkCircle kt-svg-icon-list-single\"><svg viewBox=\"0 0 24 24\"  fill=\"none\" stroke=\"currentColor\" stroke-width=\"2\" stroke-linecap=\"round\" stroke-linejoin=\"round\" xmlns=\"http:\/\/www.w3.org\/2000\/svg\"  aria-hidden=\"true\"><path d=\"M22 11.08V12a10 10 0 1 1-5.93-9.14\"\/><polyline points=\"22 4 12 14.01 9 11.01\"\/><\/svg><\/span><span class=\"kt-svg-icon-list-text\">Horari de classes: dilluns i dimecres (16 h a 20 h)<\/span><\/li>\n\n\n<style>.kt-svg-icon-list-item-2_5825ad-13 .kt-svg-icon-list-text mark.kt-highlight{background-color:unset;font-style:normal;color:#f76a0c;-webkit-box-decoration-break:clone;box-decoration-break:clone;padding-top:0px;padding-right:0px;padding-bottom:0px;padding-left:0px;}<\/style>\n<li class=\"wp-block-kadence-listitem kt-svg-icon-list-item-wrap kt-svg-icon-list-item-2_5825ad-13\"><span class=\"kb-svg-icon-wrap kb-svg-icon-fe_checkCircle kt-svg-icon-list-single\"><svg viewBox=\"0 0 24 24\"  fill=\"none\" stroke=\"currentColor\" stroke-width=\"2\" stroke-linecap=\"round\" stroke-linejoin=\"round\" xmlns=\"http:\/\/www.w3.org\/2000\/svg\"  aria-hidden=\"true\"><path d=\"M22 11.08V12a10 10 0 1 1-5.93-9.14\"\/><polyline points=\"22 4 12 14.01 9 11.01\"\/><\/svg><\/span><span class=\"kt-svg-icon-list-text\">Nombre de cr\u00e8dits: 30<\/span><\/li>\n\n\n<style>.kt-svg-icon-list-item-2_c498db-99 .kt-svg-icon-list-text mark.kt-highlight{background-color:unset;font-style:normal;color:#f76a0c;-webkit-box-decoration-break:clone;box-decoration-break:clone;padding-top:0px;padding-right:0px;padding-bottom:0px;padding-left:0px;}<\/style>\n<li class=\"wp-block-kadence-listitem kt-svg-icon-list-item-wrap kt-svg-icon-list-item-2_c498db-99\"><span class=\"kb-svg-icon-wrap kb-svg-icon-fe_checkCircle kt-svg-icon-list-single\"><svg viewBox=\"0 0 24 24\"  fill=\"none\" stroke=\"currentColor\" stroke-width=\"2\" stroke-linecap=\"round\" stroke-linejoin=\"round\" xmlns=\"http:\/\/www.w3.org\/2000\/svg\"  aria-hidden=\"true\"><path d=\"M22 11.08V12a10 10 0 1 1-5.93-9.14\"\/><polyline points=\"22 4 12 14.01 9 11.01\"\/><\/svg><\/span><span class=\"kt-svg-icon-list-text\">Places: 25<\/span><\/li>\n\n\n<style>.kt-svg-icon-list-item-2_1eb2e0-ff .kt-svg-icon-list-text mark.kt-highlight{background-color:unset;font-style:normal;color:#f76a0c;-webkit-box-decoration-break:clone;box-decoration-break:clone;padding-top:0px;padding-right:0px;padding-bottom:0px;padding-left:0px;}<\/style>\n<li class=\"wp-block-kadence-listitem kt-svg-icon-list-item-wrap kt-svg-icon-list-item-2_1eb2e0-ff\"><span class=\"kb-svg-icon-wrap kb-svg-icon-fe_checkCircle kt-svg-icon-list-single\"><svg viewBox=\"0 0 24 24\"  fill=\"none\" stroke=\"currentColor\" stroke-width=\"2\" stroke-linecap=\"round\" stroke-linejoin=\"round\" xmlns=\"http:\/\/www.w3.org\/2000\/svg\"  aria-hidden=\"true\"><path d=\"M22 11.08V12a10 10 0 1 1-5.93-9.14\"\/><polyline points=\"22 4 12 14.01 9 11.01\"\/><\/svg><\/span><span class=\"kt-svg-icon-list-text\">Idioma d\u2019impartici\u00f3: catal\u00e0 (80 %), castell\u00e0 (20 %)<\/span><\/li>\n\n\n<style>.kt-svg-icon-list-item-2_c62b46-ae .kt-svg-icon-list-text mark.kt-highlight{background-color:unset;font-style:normal;color:#f76a0c;-webkit-box-decoration-break:clone;box-decoration-break:clone;padding-top:0px;padding-right:0px;padding-bottom:0px;padding-left:0px;}<\/style>\n<li class=\"wp-block-kadence-listitem kt-svg-icon-list-item-wrap kt-svg-icon-list-item-2_c62b46-ae\"><span class=\"kb-svg-icon-wrap kb-svg-icon-fe_checkCircle kt-svg-icon-list-single\"><svg viewBox=\"0 0 24 24\"  fill=\"none\" stroke=\"currentColor\" stroke-width=\"2\" stroke-linecap=\"round\" stroke-linejoin=\"round\" xmlns=\"http:\/\/www.w3.org\/2000\/svg\"  aria-hidden=\"true\"><path d=\"M22 11.08V12a10 10 0 1 1-5.93-9.14\"\/><polyline points=\"22 4 12 14.01 9 11.01\"\/><\/svg><\/span><span class=\"kt-svg-icon-list-text\">Preu: 600 euros, m\u00e9s un increment en concepte de taxa administrativa de 50 euros.&nbsp;<\/span><\/li>\n\n\n<style>.kt-svg-icon-list-item-2_890bfc-5e .kt-svg-icon-list-text mark.kt-highlight{background-color:unset;font-style:normal;color:#f76a0c;-webkit-box-decoration-break:clone;box-decoration-break:clone;padding-top:0px;padding-right:0px;padding-bottom:0px;padding-left:0px;}<\/style>\n<li class=\"wp-block-kadence-listitem kt-svg-icon-list-item-wrap kt-svg-icon-list-item-2_890bfc-5e\"><span class=\"kb-svg-icon-wrap kb-svg-icon-fe_checkCircle kt-svg-icon-list-single\"><svg viewBox=\"0 0 24 24\"  fill=\"none\" stroke=\"currentColor\" stroke-width=\"2\" stroke-linecap=\"round\" stroke-linejoin=\"round\" xmlns=\"http:\/\/www.w3.org\/2000\/svg\"  aria-hidden=\"true\"><path d=\"M22 11.08V12a10 10 0 1 1-5.93-9.14\"\/><polyline points=\"22 4 12 14.01 9 11.01\"\/><\/svg><\/span><span class=\"kt-svg-icon-list-text\">Denominaci\u00f3 del t\u00edtol que obtindr\u00e0 l\u2019estudiant: diploma d\u2019especialitzaci\u00f3 en Llibreria (si \u00e9s titulat universitari), extensi\u00f3 universit\u00e0ria de Llibreria (sense titulaci\u00f3 pr\u00e8via).<\/span><\/li>\n<\/ul><\/div>\n<\/div><\/div>\n\n<\/div><\/div>","protected":false},"excerpt":{"rendered":"<p>El&nbsp;Gremi de Llibreters de Catalunya&nbsp;i la&nbsp;Facultat d\u2019Informaci\u00f3 i Mitjans Audiovisuals&nbsp;de la Universitat de Barcelona col\u00b7laboren&#8230;<\/p>\n","protected":false},"author":1,"featured_media":0,"parent":11,"menu_order":0,"comment_status":"closed","ping_status":"closed","template":"","meta":{"_acf_changed":false,"_seopress_robots_primary_cat":"","_seopress_titles_title":"","_seopress_titles_desc":"","_seopress_robots_index":"","inline_featured_image":false,"_kad_blocks_custom_css":"","_kad_blocks_head_custom_js":"","_kad_blocks_body_custom_js":"","_kad_blocks_footer_custom_js":"","_kad_post_transparent":"","_kad_post_title":"","_kad_post_layout":"","_kad_post_sidebar_id":"","_kad_post_content_style":"","_kad_post_vertical_padding":"","_kad_post_feature":"","_kad_post_feature_position":"","_kad_post_header":false,"_kad_post_footer":false,"_kad_post_classname":"","footnotes":""},"class_list":["post-2","page","type-page","status-publish","hentry"],"acf":[],"taxonomy_info":[],"featured_image_src_large":false,"author_info":{"display_name":"jordi","author_link":"https:\/\/fima.ub.edu\/edl\/author\/jordi\/"},"comment_info":"","_links":{"self":[{"href":"https:\/\/fima.ub.edu\/edl\/wp-json\/wp\/v2\/pages\/2","targetHints":{"allow":["GET"]}}],"collection":[{"href":"https:\/\/fima.ub.edu\/edl\/wp-json\/wp\/v2\/pages"}],"about":[{"href":"https:\/\/fima.ub.edu\/edl\/wp-json\/wp\/v2\/types\/page"}],"author":[{"embeddable":true,"href":"https:\/\/fima.ub.edu\/edl\/wp-json\/wp\/v2\/users\/1"}],"replies":[{"embeddable":true,"href":"https:\/\/fima.ub.edu\/edl\/wp-json\/wp\/v2\/comments?post=2"}],"version-history":[{"count":5,"href":"https:\/\/fima.ub.edu\/edl\/wp-json\/wp\/v2\/pages\/2\/revisions"}],"predecessor-version":[{"id":1720,"href":"https:\/\/fima.ub.edu\/edl\/wp-json\/wp\/v2\/pages\/2\/revisions\/1720"}],"up":[{"embeddable":true,"href":"https:\/\/fima.ub.edu\/edl\/wp-json\/wp\/v2\/pages\/11"}],"wp:attachment":[{"href":"https:\/\/fima.ub.edu\/edl\/wp-json\/wp\/v2\/media?parent=2"}],"curies":[{"name":"wp","href":"https:\/\/api.w.org\/{rel}","templated":true}]}}